{"id":510,"date":"2023-05-09T19:53:36","date_gmt":"2023-05-09T19:53:36","guid":{"rendered":"https:\/\/valetec.com.br\/site?page_id=510"},"modified":"2024-08-28T18:44:36","modified_gmt":"2024-08-28T21:44:36","slug":"dexco","status":"publish","type":"page","link":"https:\/\/valetec.com.br\/site\/dexco\/","title":{"rendered":"Dexco"},"content":{"rendered":"\t\t<div data-elementor-type=\"wp-page\" data-elementor-id=\"510\" class=\"elementor elementor-510\">\n\t\t\t\t\t\t<section class=\"elementor-section elementor-top-section elementor-element elementor-element-1b34558 elementor-section-boxed elementor-section-height-default elementor-section-height-default parallax_section_no qode_elementor_container_no\" data-id=\"1b34558\" data-element_type=\"section\" data-settings=\"{&quot;background_background&quot;:&quot;gradient&quot;}\">\n\t\t\t\t\t\t<div class=\"elementor-container elementor-column-gap-default\">\n\t\t\t\t\t<div class=\"elementor-column elementor-col-50 elementor-top-column elementor-element elementor-element-3d68e06\" data-id=\"3d68e06\" data-element_type=\"column\">\n\t\t\t<div class=\"elementor-widget-wrap elementor-element-populated\">\n\t\t\t\t\t\t<section class=\"elementor-section elementor-inner-section elementor-element elementor-element-538370e elementor-section-boxed elementor-section-height-default elementor-section-height-default parallax_section_no qode_elementor_container_no\" data-id=\"538370e\" data-element_type=\"section\">\n\t\t\t\t\t\t<div class=\"elementor-container elementor-column-gap-default\">\n\t\t\t\t\t<div class=\"elementor-column elementor-col-50 elementor-inner-column elementor-element elementor-element-a4199d9\" data-id=\"a4199d9\" data-element_type=\"column\">\n\t\t\t<div class=\"elementor-widget-wrap elementor-element-populated\">\n\t\t\t\t\t\t<div class=\"elementor-element elementor-element-0e75aff elementor-widget elementor-widget-image\" data-id=\"0e75aff\" data-element_type=\"widget\" data-widget_type=\"image.default\">\n\t\t\t\t<div class=\"elementor-widget-container\">\n\t\t\t\t\t\t\t\t\t\t\t\t\t\t\t<img decoding=\"async\" width=\"250\" height=\"100\" src=\"https:\/\/valetec.com.br\/site\/wp-content\/uploads\/2023\/05\/6.png\" class=\"attachment-large size-large wp-image-832\" alt=\"\" \/>\t\t\t\t\t\t\t\t\t\t\t\t\t\t\t<\/div>\n\t\t\t\t<\/div>\n\t\t\t\t\t<\/div>\n\t\t<\/div>\n\t\t\t\t<div class=\"elementor-column elementor-col-50 elementor-inner-column elementor-element elementor-element-045c455\" data-id=\"045c455\" data-element_type=\"column\">\n\t\t\t<div class=\"elementor-widget-wrap\">\n\t\t\t\t\t\t\t<\/div>\n\t\t<\/div>\n\t\t\t\t\t<\/div>\n\t\t<\/section>\n\t\t\t\t<div class=\"elementor-element elementor-element-30162e9 elementor-widget elementor-widget-spacer\" data-id=\"30162e9\" data-element_type=\"widget\" data-widget_type=\"spacer.default\">\n\t\t\t\t<div class=\"elementor-widget-container\">\n\t\t\t\t\t\t\t<div class=\"elementor-spacer\">\n\t\t\t<div class=\"elementor-spacer-inner\"><\/div>\n\t\t<\/div>\n\t\t\t\t\t\t<\/div>\n\t\t\t\t<\/div>\n\t\t\t\t<div class=\"elementor-element elementor-element-deff792 elementor-icon-list--layout-traditional elementor-list-item-link-full_width elementor-widget elementor-widget-icon-list\" data-id=\"deff792\" data-element_type=\"widget\" data-widget_type=\"icon-list.default\">\n\t\t\t\t<div class=\"elementor-widget-container\">\n\t\t\t\t\t\t\t<ul class=\"elementor-icon-list-items\">\n\t\t\t\t\t\t\t<li class=\"elementor-icon-list-item\">\n\t\t\t\t\t\t\t\t\t\t\t<span class=\"elementor-icon-list-icon\">\n\t\t\t\t\t\t\t<i aria-hidden=\"true\" class=\"fas fa-chevron-circle-right\"><\/i>\t\t\t\t\t\t<\/span>\n\t\t\t\t\t\t\t\t\t\t<span class=\"elementor-icon-list-text\">DESCRI\u00c7\u00c3O<\/span>\n\t\t\t\t\t\t\t\t\t<\/li>\n\t\t\t\t\t\t<\/ul>\n\t\t\t\t\t\t<\/div>\n\t\t\t\t<\/div>\n\t\t\t\t<div class=\"elementor-element elementor-element-f795b98 elementor-widget elementor-widget-text-editor\" data-id=\"f795b98\" data-element_type=\"widget\" data-widget_type=\"text-editor.default\">\n\t\t\t\t<div class=\"elementor-widget-container\">\n\t\t\t\t\t\t\t\t\tDX Ventures \u00e9 um fundo de CVC patrocinado pela Dexco e gerido pela Valetec Capital. Em opera\u00e7\u00e3o desde 2021, o fundo j\u00e1 investiu em 4 empresas e est\u00e1 aberto a novas oportunidades nos setores de Madeira de Engenharia (Mass Timber), M\u00e9todos Alternativos de Constru\u00e7\u00e3o, Constru\u00e7\u00e3o Modular e Offsite, Melhorias Residenciais, Biotecnologia, Servi\u00e7os Financeiros e Solu\u00e7\u00f5es de Venda Direta ao Consumidor (Direct-to-Consumer &#8211; D2C).  Os setores tecnol\u00f3gicos e modelos de neg\u00f3cios de interesse incluem Intelig\u00eancia Artificial, Big Data e An\u00e1lise de Dados; Internet das Coisas (IoT), Smart home; Realidade Virtual e Aumentada; Marketplaces e Solu\u00e7\u00f5es B2B. As rodadas preferenciais de investimento s\u00e3o series A e B.\n\n\t\t\t\t\t\t\t\t<\/div>\n\t\t\t\t<\/div>\n\t\t\t\t<div class=\"elementor-element elementor-element-e5ed4be elementor-widget elementor-widget-text-editor\" data-id=\"e5ed4be\" data-element_type=\"widget\" data-widget_type=\"text-editor.default\">\n\t\t\t\t<div class=\"elementor-widget-container\">\n\t\t\t\t\t\t\t\t\t\nA Dexco \u00e9 uma empresa brasileira, com o capital aberto desde 1951 e a\u00e7\u00f5es negociadas em bolsa de valores (B3), sob o ticket DXCO3. \u00c9 a maior empresa produtora de pain\u00e9is de madeira industrializada do Brasil, l\u00edder de mercado na produ\u00e7\u00e3o de lou\u00e7as e metais sanit\u00e1rios no hemisf\u00e9rio Sul e uma das l\u00edderes do segmento de revestimentos cer\u00e2micos no pa\u00eds.\t\t\t\t\t\t\t\t<\/div>\n\t\t\t\t<\/div>\n\t\t\t\t\t<\/div>\n\t\t<\/div>\n\t\t\t\t<div class=\"elementor-column elementor-col-50 elementor-top-column elementor-element elementor-element-81e1af6\" data-id=\"81e1af6\" data-element_type=\"column\" data-settings=\"{&quot;background_background&quot;:&quot;classic&quot;}\">\n\t\t\t<div class=\"elementor-widget-wrap elementor-element-populated\">\n\t\t\t\t\t\t<div class=\"elementor-element elementor-element-6df477f elementor-icon-list--layout-traditional elementor-list-item-link-full_width elementor-widget elementor-widget-icon-list\" data-id=\"6df477f\" data-element_type=\"widget\" data-widget_type=\"icon-list.default\">\n\t\t\t\t<div class=\"elementor-widget-container\">\n\t\t\t\t\t\t\t<ul class=\"elementor-icon-list-items\">\n\t\t\t\t\t\t\t<li class=\"elementor-icon-list-item\">\n\t\t\t\t\t\t\t\t\t\t\t<span class=\"elementor-icon-list-icon\">\n\t\t\t\t\t\t\t<i aria-hidden=\"true\" class=\"fas fa-chevron-circle-right\"><\/i>\t\t\t\t\t\t<\/span>\n\t\t\t\t\t\t\t\t\t\t<span class=\"elementor-icon-list-text\">DOCUMENTA\u00c7\u00c3O<\/span>\n\t\t\t\t\t\t\t\t\t<\/li>\n\t\t\t\t\t\t<\/ul>\n\t\t\t\t\t\t<\/div>\n\t\t\t\t<\/div>\n\t\t\t\t<div class=\"elementor-element elementor-element-4d2d530 elementor-icon-list--layout-traditional elementor-list-item-link-full_width elementor-widget elementor-widget-icon-list\" data-id=\"4d2d530\" data-element_type=\"widget\" data-widget_type=\"icon-list.default\">\n\t\t\t\t<div class=\"elementor-widget-container\">\n\t\t\t\t\t\t\t<ul class=\"elementor-icon-list-items\">\n\t\t\t\t\t\t\t<li class=\"elementor-icon-list-item\">\n\t\t\t\t\t\t\t\t\t\t\t<a href=\"https:\/\/valetec.com.br\/site\/wp-content\/uploads\/2024\/08\/2.-DX_REGULAMENTO.pdf\" target=\"_blank\">\n\n\t\t\t\t\t\t\t\t\t\t\t\t<span class=\"elementor-icon-list-icon\">\n\t\t\t\t\t\t\t<i aria-hidden=\"true\" class=\"far fa-file-alt\"><\/i>\t\t\t\t\t\t<\/span>\n\t\t\t\t\t\t\t\t\t\t<span class=\"elementor-icon-list-text\">REGULAMENTO<\/span>\n\t\t\t\t\t\t\t\t\t\t\t<\/a>\n\t\t\t\t\t\t\t\t\t<\/li>\n\t\t\t\t\t\t<\/ul>\n\t\t\t\t\t\t<\/div>\n\t\t\t\t<\/div>\n\t\t\t\t<div class=\"elementor-element elementor-element-38510dd elementor-icon-list--layout-traditional elementor-list-item-link-full_width elementor-widget elementor-widget-icon-list\" data-id=\"38510dd\" data-element_type=\"widget\" data-widget_type=\"icon-list.default\">\n\t\t\t\t<div class=\"elementor-widget-container\">\n\t\t\t\t\t\t\t<ul class=\"elementor-icon-list-items\">\n\t\t\t\t\t\t\t<li class=\"elementor-icon-list-item\">\n\t\t\t\t\t\t\t\t\t\t\t<span class=\"elementor-icon-list-icon\">\n\t\t\t\t\t\t\t<i aria-hidden=\"true\" class=\"fas fa-chevron-circle-right\"><\/i>\t\t\t\t\t\t<\/span>\n\t\t\t\t\t\t\t\t\t\t<span class=\"elementor-icon-list-text\">SETORES ALVO<\/span>\n\t\t\t\t\t\t\t\t\t<\/li>\n\t\t\t\t\t\t<\/ul>\n\t\t\t\t\t\t<\/div>\n\t\t\t\t<\/div>\n\t\t\t\t<div class=\"elementor-element elementor-element-6f6f4a1 elementor-widget elementor-widget-text-editor\" data-id=\"6f6f4a1\" data-element_type=\"widget\" data-widget_type=\"text-editor.default\">\n\t\t\t\t<div class=\"elementor-widget-container\">\n\t\t\t\t\t\t\t\t\tM\u00e9todos de Constru\u00e7\u00e3o, Home Improvement, Servi\u00e7os Financeiros, Solu\u00e7\u00f5es Diretas ao Consumidor (D2C) e Experi\u00eancia\nDigital do Consumidor, Madeira Engenherada e Constru\u00e7\u00e3o Offsite\t\t\t\t\t\t\t\t<\/div>\n\t\t\t\t<\/div>\n\t\t\t\t<div class=\"elementor-element elementor-element-09a2041 elementor-icon-list--layout-traditional elementor-list-item-link-full_width elementor-widget elementor-widget-icon-list\" data-id=\"09a2041\" data-element_type=\"widget\" data-widget_type=\"icon-list.default\">\n\t\t\t\t<div class=\"elementor-widget-container\">\n\t\t\t\t\t\t\t<ul class=\"elementor-icon-list-items\">\n\t\t\t\t\t\t\t<li class=\"elementor-icon-list-item\">\n\t\t\t\t\t\t\t\t\t\t\t<span class=\"elementor-icon-list-icon\">\n\t\t\t\t\t\t\t<i aria-hidden=\"true\" class=\"fas fa-chevron-circle-right\"><\/i>\t\t\t\t\t\t<\/span>\n\t\t\t\t\t\t\t\t\t\t<span class=\"elementor-icon-list-text\">\u00c1REAS DE INTERESSE<\/span>\n\t\t\t\t\t\t\t\t\t<\/li>\n\t\t\t\t\t\t<\/ul>\n\t\t\t\t\t\t<\/div>\n\t\t\t\t<\/div>\n\t\t\t\t<div class=\"elementor-element elementor-element-8514ca1 elementor-widget elementor-widget-text-editor\" data-id=\"8514ca1\" data-element_type=\"widget\" data-widget_type=\"text-editor.default\">\n\t\t\t\t<div class=\"elementor-widget-container\">\n\t\t\t\t\t\t\t\t\tIntelig\u00eancia Artificial, Big Data &#038; Analytics; Internet das Coisas (IoT), Sensores e RFID; Smart House; Automa\u00e7\u00e3o e Rob\u00f3tica;\nRealidade Virtual e Aumentada; Economia Circular; Marketplaces e Solu\u00e7\u00f5es B2B; Bioquimicos e nanotecnologia,\ncombust\u00edveis alternativos.\t\t\t\t\t\t\t\t<\/div>\n\t\t\t\t<\/div>\n\t\t\t\t<div class=\"elementor-element elementor-element-711fcfb elementor-icon-list--layout-traditional elementor-list-item-link-full_width elementor-widget elementor-widget-icon-list\" data-id=\"711fcfb\" data-element_type=\"widget\" data-widget_type=\"icon-list.default\">\n\t\t\t\t<div class=\"elementor-widget-container\">\n\t\t\t\t\t\t\t<ul class=\"elementor-icon-list-items\">\n\t\t\t\t\t\t\t<li class=\"elementor-icon-list-item\">\n\t\t\t\t\t\t\t\t\t\t\t<span class=\"elementor-icon-list-icon\">\n\t\t\t\t\t\t\t<i aria-hidden=\"true\" class=\"fas fa-chevron-circle-right\"><\/i>\t\t\t\t\t\t<\/span>\n\t\t\t\t\t\t\t\t\t\t<span class=\"elementor-icon-list-text\">PORTFOLIO<\/span>\n\t\t\t\t\t\t\t\t\t<\/li>\n\t\t\t\t\t\t<\/ul>\n\t\t\t\t\t\t<\/div>\n\t\t\t\t<\/div>\n\t\t\t\t<div class=\"elementor-element elementor-element-9b5ece8 elementor-widget elementor-widget-text-editor\" data-id=\"9b5ece8\" data-element_type=\"widget\" data-widget_type=\"text-editor.default\">\n\t\t\t\t<div class=\"elementor-widget-container\">\n\t\t\t\t\t\t\t\t\t3 empresas investidas e em prospec\u00e7\u00e3o de novas companhias\t\t\t\t\t\t\t\t<\/div>\n\t\t\t\t<\/div>\n\t\t\t\t<div class=\"elementor-element elementor-element-c8b5445 elementor-icon-list--layout-traditional elementor-list-item-link-full_width elementor-widget elementor-widget-icon-list\" data-id=\"c8b5445\" data-element_type=\"widget\" data-widget_type=\"icon-list.default\">\n\t\t\t\t<div class=\"elementor-widget-container\">\n\t\t\t\t\t\t\t<ul class=\"elementor-icon-list-items\">\n\t\t\t\t\t\t\t<li class=\"elementor-icon-list-item\">\n\t\t\t\t\t\t\t\t\t\t\t<span class=\"elementor-icon-list-icon\">\n\t\t\t\t\t\t\t<i aria-hidden=\"true\" class=\"fas fa-chevron-circle-right\"><\/i>\t\t\t\t\t\t<\/span>\n\t\t\t\t\t\t\t\t\t\t<span class=\"elementor-icon-list-text\">PERFIL DE INVESTIMENTO<\/span>\n\t\t\t\t\t\t\t\t\t<\/li>\n\t\t\t\t\t\t<\/ul>\n\t\t\t\t\t\t<\/div>\n\t\t\t\t<\/div>\n\t\t\t\t<div class=\"elementor-element elementor-element-fa73d35 elementor-widget elementor-widget-text-editor\" data-id=\"fa73d35\" data-element_type=\"widget\" data-widget_type=\"text-editor.default\">\n\t\t\t\t<div class=\"elementor-widget-container\">\n\t\t\t\t\t\t\t\t\tScaleUps inovadoras e baseadas em tecnologia, que apresentem solu\u00e7\u00f5es para viver melhor e potencial para se tornarem\nnovos neg\u00f3cios, produtos, servi\u00e7os ou modelos de neg\u00f3cio da Dexco\t\t\t\t\t\t\t\t<\/div>\n\t\t\t\t<\/div>\n\t\t\t\t<div class=\"elementor-element elementor-element-301ab7b elementor-icon-list--layout-traditional elementor-list-item-link-full_width elementor-widget elementor-widget-icon-list\" data-id=\"301ab7b\" data-element_type=\"widget\" data-widget_type=\"icon-list.default\">\n\t\t\t\t<div class=\"elementor-widget-container\">\n\t\t\t\t\t\t\t<ul class=\"elementor-icon-list-items\">\n\t\t\t\t\t\t\t<li class=\"elementor-icon-list-item\">\n\t\t\t\t\t\t\t\t\t\t\t<span class=\"elementor-icon-list-icon\">\n\t\t\t\t\t\t\t<i aria-hidden=\"true\" class=\"fas fa-chevron-circle-right\"><\/i>\t\t\t\t\t\t<\/span>\n\t\t\t\t\t\t\t\t\t\t<span class=\"elementor-icon-list-text\">VALOR T\u00cdPICO DE INVEST.<\/span>\n\t\t\t\t\t\t\t\t\t<\/li>\n\t\t\t\t\t\t<\/ul>\n\t\t\t\t\t\t<\/div>\n\t\t\t\t<\/div>\n\t\t\t\t<div class=\"elementor-element elementor-element-d0f0764 elementor-widget elementor-widget-text-editor\" data-id=\"d0f0764\" data-element_type=\"widget\" data-widget_type=\"text-editor.default\">\n\t\t\t\t<div class=\"elementor-widget-container\">\n\t\t\t\t\t\t\t\t\tScaleups, em rodadas S\u00e9rie A e B, com ticket m\u00e9dio de investimento de R$ 15 a 45 milh\u00f5es,\t\t\t\t\t\t\t\t<\/div>\n\t\t\t\t<\/div>\n\t\t\t\t\t<\/div>\n\t\t<\/div>\n\t\t\t\t\t<\/div>\n\t\t<\/section>\n\t\t\t\t<\/div>\n\t\t","protected":false},"excerpt":{"rendered":"<p>DESCRI\u00c7\u00c3O DX Ventures \u00e9 um fundo de CVC patrocinado pela Dexco e gerido pela Valetec Capital. Em opera\u00e7\u00e3o desde 2021, o fundo j\u00e1 investiu em 4 empresas e est\u00e1 aberto a novas oportunidades nos setores de Madeira de Engenharia (Mass Timber), M\u00e9todos Alternativos de Constru\u00e7\u00e3o,&#8230;<\/p>\n","protected":false},"author":1,"featured_media":0,"parent":0,"menu_order":0,"comment_status":"closed","ping_status":"closed","template":"","meta":{"footnotes":""},"class_list":["post-510","page","type-page","status-publish","hentry"],"yoast_head":"<!-- This site is optimized with the Yoast SEO plugin v27.2 - https:\/\/yoast.com\/product\/yoast-seo-wordpress\/ -->\n<title>Dexco - Valetec<\/title>\n<meta name=\"robots\" content=\"index, follow, max-snippet:-1, max-image-preview:large, max-video-preview:-1\" \/>\n<link rel=\"canonical\" href=\"https:\/\/valetec.com.br\/site\/dexco\/\" \/>\n<meta property=\"og:locale\" content=\"pt_BR\" \/>\n<meta property=\"og:type\" content=\"article\" \/>\n<meta property=\"og:title\" content=\"Dexco - Valetec\" \/>\n<meta property=\"og:description\" content=\"DESCRI\u00c7\u00c3O DX Ventures \u00e9 um fundo de CVC patrocinado pela Dexco e gerido pela Valetec Capital. Em opera\u00e7\u00e3o desde 2021, o fundo j\u00e1 investiu em 4 empresas e est\u00e1 aberto a novas oportunidades nos setores de Madeira de Engenharia (Mass Timber), M\u00e9todos Alternativos de Constru\u00e7\u00e3o,...\" \/>\n<meta property=\"og:url\" content=\"https:\/\/valetec.com.br\/site\/dexco\/\" \/>\n<meta property=\"og:site_name\" content=\"Valetec\" \/>\n<meta property=\"article:modified_time\" content=\"2024-08-28T21:44:36+00:00\" \/>\n<meta property=\"og:image\" content=\"https:\/\/valetec.com.br\/site\/wp-content\/uploads\/2023\/05\/6.png\" \/>\n<meta name=\"twitter:card\" content=\"summary_large_image\" \/>\n<meta name=\"twitter:label1\" content=\"Est. tempo de leitura\" \/>\n\t<meta name=\"twitter:data1\" content=\"2 minutos\" \/>\n<script type=\"application\/ld+json\" class=\"yoast-schema-graph\">{\"@context\":\"https:\/\/schema.org\",\"@graph\":[{\"@type\":\"WebPage\",\"@id\":\"https:\/\/valetec.com.br\/site\/dexco\/\",\"url\":\"https:\/\/valetec.com.br\/site\/dexco\/\",\"name\":\"Dexco - Valetec\",\"isPartOf\":{\"@id\":\"https:\/\/valetec.com.br\/site\/#website\"},\"primaryImageOfPage\":{\"@id\":\"https:\/\/valetec.com.br\/site\/dexco\/#primaryimage\"},\"image\":{\"@id\":\"https:\/\/valetec.com.br\/site\/dexco\/#primaryimage\"},\"thumbnailUrl\":\"https:\/\/valetec.com.br\/site\/wp-content\/uploads\/2023\/05\/6.png\",\"datePublished\":\"2023-05-09T19:53:36+00:00\",\"dateModified\":\"2024-08-28T21:44:36+00:00\",\"breadcrumb\":{\"@id\":\"https:\/\/valetec.com.br\/site\/dexco\/#breadcrumb\"},\"inLanguage\":\"pt-BR\",\"potentialAction\":[{\"@type\":\"ReadAction\",\"target\":[\"https:\/\/valetec.com.br\/site\/dexco\/\"]}]},{\"@type\":\"ImageObject\",\"inLanguage\":\"pt-BR\",\"@id\":\"https:\/\/valetec.com.br\/site\/dexco\/#primaryimage\",\"url\":\"https:\/\/valetec.com.br\/site\/wp-content\/uploads\/2023\/05\/6.png\",\"contentUrl\":\"https:\/\/valetec.com.br\/site\/wp-content\/uploads\/2023\/05\/6.png\",\"width\":250,\"height\":100},{\"@type\":\"BreadcrumbList\",\"@id\":\"https:\/\/valetec.com.br\/site\/dexco\/#breadcrumb\",\"itemListElement\":[{\"@type\":\"ListItem\",\"position\":1,\"name\":\"In\u00edcio\",\"item\":\"https:\/\/valetec.com.br\/site\/\"},{\"@type\":\"ListItem\",\"position\":2,\"name\":\"Dexco\"}]},{\"@type\":\"WebSite\",\"@id\":\"https:\/\/valetec.com.br\/site\/#website\",\"url\":\"https:\/\/valetec.com.br\/site\/\",\"name\":\"Valetec\",\"description\":\"Investimentos sob medida para sua estrat\u00e9gia\",\"publisher\":{\"@id\":\"https:\/\/valetec.com.br\/site\/#organization\"},\"potentialAction\":[{\"@type\":\"SearchAction\",\"target\":{\"@type\":\"EntryPoint\",\"urlTemplate\":\"https:\/\/valetec.com.br\/site\/?s={search_term_string}\"},\"query-input\":{\"@type\":\"PropertyValueSpecification\",\"valueRequired\":true,\"valueName\":\"search_term_string\"}}],\"inLanguage\":\"pt-BR\"},{\"@type\":\"Organization\",\"@id\":\"https:\/\/valetec.com.br\/site\/#organization\",\"name\":\"Valetec\",\"url\":\"https:\/\/valetec.com.br\/site\/\",\"logo\":{\"@type\":\"ImageObject\",\"inLanguage\":\"pt-BR\",\"@id\":\"https:\/\/valetec.com.br\/site\/#\/schema\/logo\/image\/\",\"url\":\"https:\/\/valetec.com.br\/site\/wp-content\/uploads\/2023\/04\/logovaltec.png\",\"contentUrl\":\"https:\/\/valetec.com.br\/site\/wp-content\/uploads\/2023\/04\/logovaltec.png\",\"width\":843,\"height\":240,\"caption\":\"Valetec\"},\"image\":{\"@id\":\"https:\/\/valetec.com.br\/site\/#\/schema\/logo\/image\/\"}}]}<\/script>\n<!-- \/ Yoast SEO plugin. -->","yoast_head_json":{"title":"Dexco - Valetec","robots":{"index":"index","follow":"follow","max-snippet":"max-snippet:-1","max-image-preview":"max-image-preview:large","max-video-preview":"max-video-preview:-1"},"canonical":"https:\/\/valetec.com.br\/site\/dexco\/","og_locale":"pt_BR","og_type":"article","og_title":"Dexco - Valetec","og_description":"DESCRI\u00c7\u00c3O DX Ventures \u00e9 um fundo de CVC patrocinado pela Dexco e gerido pela Valetec Capital. Em opera\u00e7\u00e3o desde 2021, o fundo j\u00e1 investiu em 4 empresas e est\u00e1 aberto a novas oportunidades nos setores de Madeira de Engenharia (Mass Timber), M\u00e9todos Alternativos de Constru\u00e7\u00e3o,...","og_url":"https:\/\/valetec.com.br\/site\/dexco\/","og_site_name":"Valetec","article_modified_time":"2024-08-28T21:44:36+00:00","og_image":[{"url":"https:\/\/valetec.com.br\/site\/wp-content\/uploads\/2023\/05\/6.png","type":"","width":"","height":""}],"twitter_card":"summary_large_image","twitter_misc":{"Est. tempo de leitura":"2 minutos"},"schema":{"@context":"https:\/\/schema.org","@graph":[{"@type":"WebPage","@id":"https:\/\/valetec.com.br\/site\/dexco\/","url":"https:\/\/valetec.com.br\/site\/dexco\/","name":"Dexco - Valetec","isPartOf":{"@id":"https:\/\/valetec.com.br\/site\/#website"},"primaryImageOfPage":{"@id":"https:\/\/valetec.com.br\/site\/dexco\/#primaryimage"},"image":{"@id":"https:\/\/valetec.com.br\/site\/dexco\/#primaryimage"},"thumbnailUrl":"https:\/\/valetec.com.br\/site\/wp-content\/uploads\/2023\/05\/6.png","datePublished":"2023-05-09T19:53:36+00:00","dateModified":"2024-08-28T21:44:36+00:00","breadcrumb":{"@id":"https:\/\/valetec.com.br\/site\/dexco\/#breadcrumb"},"inLanguage":"pt-BR","potentialAction":[{"@type":"ReadAction","target":["https:\/\/valetec.com.br\/site\/dexco\/"]}]},{"@type":"ImageObject","inLanguage":"pt-BR","@id":"https:\/\/valetec.com.br\/site\/dexco\/#primaryimage","url":"https:\/\/valetec.com.br\/site\/wp-content\/uploads\/2023\/05\/6.png","contentUrl":"https:\/\/valetec.com.br\/site\/wp-content\/uploads\/2023\/05\/6.png","width":250,"height":100},{"@type":"BreadcrumbList","@id":"https:\/\/valetec.com.br\/site\/dexco\/#breadcrumb","itemListElement":[{"@type":"ListItem","position":1,"name":"In\u00edcio","item":"https:\/\/valetec.com.br\/site\/"},{"@type":"ListItem","position":2,"name":"Dexco"}]},{"@type":"WebSite","@id":"https:\/\/valetec.com.br\/site\/#website","url":"https:\/\/valetec.com.br\/site\/","name":"Valetec","description":"Investimentos sob medida para sua estrat\u00e9gia","publisher":{"@id":"https:\/\/valetec.com.br\/site\/#organization"},"potentialAction":[{"@type":"SearchAction","target":{"@type":"EntryPoint","urlTemplate":"https:\/\/valetec.com.br\/site\/?s={search_term_string}"},"query-input":{"@type":"PropertyValueSpecification","valueRequired":true,"valueName":"search_term_string"}}],"inLanguage":"pt-BR"},{"@type":"Organization","@id":"https:\/\/valetec.com.br\/site\/#organization","name":"Valetec","url":"https:\/\/valetec.com.br\/site\/","logo":{"@type":"ImageObject","inLanguage":"pt-BR","@id":"https:\/\/valetec.com.br\/site\/#\/schema\/logo\/image\/","url":"https:\/\/valetec.com.br\/site\/wp-content\/uploads\/2023\/04\/logovaltec.png","contentUrl":"https:\/\/valetec.com.br\/site\/wp-content\/uploads\/2023\/04\/logovaltec.png","width":843,"height":240,"caption":"Valetec"},"image":{"@id":"https:\/\/valetec.com.br\/site\/#\/schema\/logo\/image\/"}}]}},"_links":{"self":[{"href":"https:\/\/valetec.com.br\/site\/wp-json\/wp\/v2\/pages\/510","targetHints":{"allow":["GET"]}}],"collection":[{"href":"https:\/\/valetec.com.br\/site\/wp-json\/wp\/v2\/pages"}],"about":[{"href":"https:\/\/valetec.com.br\/site\/wp-json\/wp\/v2\/types\/page"}],"author":[{"embeddable":true,"href":"https:\/\/valetec.com.br\/site\/wp-json\/wp\/v2\/users\/1"}],"replies":[{"embeddable":true,"href":"https:\/\/valetec.com.br\/site\/wp-json\/wp\/v2\/comments?post=510"}],"version-history":[{"count":18,"href":"https:\/\/valetec.com.br\/site\/wp-json\/wp\/v2\/pages\/510\/revisions"}],"predecessor-version":[{"id":3261,"href":"https:\/\/valetec.com.br\/site\/wp-json\/wp\/v2\/pages\/510\/revisions\/3261"}],"wp:attachment":[{"href":"https:\/\/valetec.com.br\/site\/wp-json\/wp\/v2\/media?parent=510"}],"curies":[{"name":"wp","href":"https:\/\/api.w.org\/{rel}","templated":true}]}}