{"id":3954,"date":"2025-09-22T18:29:46","date_gmt":"2025-09-22T21:29:46","guid":{"rendered":"https:\/\/valetec.com.br\/site\/?page_id=3954"},"modified":"2025-09-26T11:07:08","modified_gmt":"2025-09-26T14:07:08","slug":"publicacoes","status":"publish","type":"page","link":"https:\/\/valetec.com.br\/site\/publicacoes\/","title":{"rendered":"Publica\u00e7\u00f5es"},"content":{"rendered":"\t\t<div data-elementor-type=\"wp-page\" data-elementor-id=\"3954\" class=\"elementor elementor-3954\">\n\t\t\t\t\t\t<section class=\"elementor-section elementor-top-section elementor-element elementor-element-036d2f0 elementor-section-boxed elementor-section-height-default elementor-section-height-default parallax_section_no qode_elementor_container_no\" data-id=\"036d2f0\" data-element_type=\"section\" data-settings=\"{&quot;background_background&quot;:&quot;gradient&quot;}\">\n\t\t\t\t\t\t<div class=\"elementor-container elementor-column-gap-default\">\n\t\t\t\t\t<div class=\"elementor-column elementor-col-50 elementor-top-column elementor-element elementor-element-a6de8d7\" data-id=\"a6de8d7\" data-element_type=\"column\">\n\t\t\t<div class=\"elementor-widget-wrap elementor-element-populated\">\n\t\t\t\t\t\t<section class=\"elementor-section elementor-inner-section elementor-element elementor-element-839a1e4 elementor-section-boxed elementor-section-height-default elementor-section-height-default parallax_section_no qode_elementor_container_no\" data-id=\"839a1e4\" data-element_type=\"section\">\n\t\t\t\t\t\t<div class=\"elementor-container elementor-column-gap-default\">\n\t\t\t\t\t<div class=\"elementor-column elementor-col-100 elementor-inner-column elementor-element elementor-element-3241080\" data-id=\"3241080\" data-element_type=\"column\">\n\t\t\t<div class=\"elementor-widget-wrap elementor-element-populated\">\n\t\t\t\t\t\t<div class=\"elementor-element elementor-element-4d10232 elementor-widget elementor-widget-spacer\" data-id=\"4d10232\" data-element_type=\"widget\" data-widget_type=\"spacer.default\">\n\t\t\t\t<div class=\"elementor-widget-container\">\n\t\t\t\t\t\t\t<div class=\"elementor-spacer\">\n\t\t\t<div class=\"elementor-spacer-inner\"><\/div>\n\t\t<\/div>\n\t\t\t\t\t\t<\/div>\n\t\t\t\t<\/div>\n\t\t\t\t<div class=\"elementor-element elementor-element-66454ff elementor-drop-cap-yes elementor-drop-cap-view-default elementor-widget elementor-widget-text-editor\" data-id=\"66454ff\" data-element_type=\"widget\" data-settings=\"{&quot;drop_cap&quot;:&quot;yes&quot;}\" data-widget_type=\"text-editor.default\">\n\t\t\t\t<div class=\"elementor-widget-container\">\n\t\t\t\t\t\t\t\t\tCorporate Venture Capital para Lideran\u00e7as \t\t\t\t\t\t\t\t<\/div>\n\t\t\t\t<\/div>\n\t\t\t\t<div class=\"elementor-element elementor-element-62c2534 elementor-widget elementor-widget-text-editor\" data-id=\"62c2534\" data-element_type=\"widget\" data-widget_type=\"text-editor.default\">\n\t\t\t\t<div class=\"elementor-widget-container\">\n\t\t\t\t\t\t\t\t\tEstrat\u00e9gia, processos e melhores pr\u00e1ticas.\t\t\t\t\t\t\t\t<\/div>\n\t\t\t\t<\/div>\n\t\t\t\t\t<\/div>\n\t\t<\/div>\n\t\t\t\t\t<\/div>\n\t\t<\/section>\n\t\t\t\t<div class=\"elementor-element elementor-element-65e6f35 elementor-widget elementor-widget-spacer\" data-id=\"65e6f35\" data-element_type=\"widget\" data-widget_type=\"spacer.default\">\n\t\t\t\t<div class=\"elementor-widget-container\">\n\t\t\t\t\t\t\t<div class=\"elementor-spacer\">\n\t\t\t<div class=\"elementor-spacer-inner\"><\/div>\n\t\t<\/div>\n\t\t\t\t\t\t<\/div>\n\t\t\t\t<\/div>\n\t\t\t\t<div class=\"elementor-element elementor-element-830fe54 elementor-widget elementor-widget-text-editor\" data-id=\"830fe54\" data-element_type=\"widget\" data-widget_type=\"text-editor.default\">\n\t\t\t\t<div class=\"elementor-widget-container\">\n\t\t\t\t\t\t\t\t\tCom linguagem acess\u00edvel e foco executivo, Corporate Venture Capital para Lideran\u00e7as \u00e9 leitura essencial para quem quer transformar inova\u00e7\u00e3o em resultado conectando a estrat\u00e9gia da corpora\u00e7\u00e3o com o ecossistema de startups. \t\t\t\t\t\t\t\t<\/div>\n\t\t\t\t<\/div>\n\t\t\t\t<div class=\"elementor-element elementor-element-aa9ae57 elementor-widget elementor-widget-button\" data-id=\"aa9ae57\" data-element_type=\"widget\" data-widget_type=\"button.default\">\n\t\t\t\t<div class=\"elementor-widget-container\">\n\t\t\t\t\t\t\t\t\t<div class=\"elementor-button-wrapper\">\n\t\t\t\t\t<a class=\"elementor-button elementor-button-link elementor-size-sm\" href=\"https:\/\/loja.editoracrv.com.br\/produtos\/corporate-venture-capital-para-liderancas-estrategia-processos-e-melhores-praticas\/\">\n\t\t\t\t\t\t<span class=\"elementor-button-content-wrapper\">\n\t\t\t\t\t\t\t\t\t<span class=\"elementor-button-text\">Adquirir agora<\/span>\n\t\t\t\t\t<\/span>\n\t\t\t\t\t<\/a>\n\t\t\t\t<\/div>\n\t\t\t\t\t\t\t\t<\/div>\n\t\t\t\t<\/div>\n\t\t\t\t<div class=\"elementor-element elementor-element-52d0db0 elementor-widget elementor-widget-spacer\" data-id=\"52d0db0\" data-element_type=\"widget\" data-widget_type=\"spacer.default\">\n\t\t\t\t<div class=\"elementor-widget-container\">\n\t\t\t\t\t\t\t<div class=\"elementor-spacer\">\n\t\t\t<div class=\"elementor-spacer-inner\"><\/div>\n\t\t<\/div>\n\t\t\t\t\t\t<\/div>\n\t\t\t\t<\/div>\n\t\t\t\t\t<\/div>\n\t\t<\/div>\n\t\t\t\t<div class=\"elementor-column elementor-col-50 elementor-top-column elementor-element elementor-element-ae8f179\" data-id=\"ae8f179\" data-element_type=\"column\" data-settings=\"{&quot;background_background&quot;:&quot;classic&quot;}\">\n\t\t\t<div class=\"elementor-widget-wrap elementor-element-populated\">\n\t\t\t\t\t\t<div class=\"elementor-element elementor-element-c0fc506 elementor-widget elementor-widget-image\" data-id=\"c0fc506\" data-element_type=\"widget\" data-widget_type=\"image.default\">\n\t\t\t\t<div class=\"elementor-widget-container\">\n\t\t\t\t\t\t\t\t\t\t\t\t\t\t\t<img fetchpriority=\"high\" decoding=\"async\" width=\"800\" height=\"800\" src=\"https:\/\/valetec.com.br\/site\/wp-content\/uploads\/2025\/09\/valetec-livro-peter.png\" class=\"attachment-large size-large wp-image-3959\" alt=\"\" srcset=\"https:\/\/valetec.com.br\/site\/wp-content\/uploads\/2025\/09\/valetec-livro-peter.png 800w, https:\/\/valetec.com.br\/site\/wp-content\/uploads\/2025\/09\/valetec-livro-peter-300x300.png 300w, https:\/\/valetec.com.br\/site\/wp-content\/uploads\/2025\/09\/valetec-livro-peter-150x150.png 150w, https:\/\/valetec.com.br\/site\/wp-content\/uploads\/2025\/09\/valetec-livro-peter-768x768.png 768w, https:\/\/valetec.com.br\/site\/wp-content\/uploads\/2025\/09\/valetec-livro-peter-570x570.png 570w, https:\/\/valetec.com.br\/site\/wp-content\/uploads\/2025\/09\/valetec-livro-peter-500x500.png 500w, https:\/\/valetec.com.br\/site\/wp-content\/uploads\/2025\/09\/valetec-livro-peter-700x700.png 700w, https:\/\/valetec.com.br\/site\/wp-content\/uploads\/2025\/09\/valetec-livro-peter-650x650.png 650w, https:\/\/valetec.com.br\/site\/wp-content\/uploads\/2025\/09\/elementor\/thumbs\/valetec-livro-peter-rc5em7qwby3lak778dui4b0dli8ohgxwg1atreihls.png 400w\" sizes=\"(max-width: 800px) 100vw, 800px\" \/>\t\t\t\t\t\t\t\t\t\t\t\t\t\t\t<\/div>\n\t\t\t\t<\/div>\n\t\t\t\t<div class=\"elementor-element elementor-element-2a10577 elementor-widget elementor-widget-spacer\" data-id=\"2a10577\" data-element_type=\"widget\" data-widget_type=\"spacer.default\">\n\t\t\t\t<div class=\"elementor-widget-container\">\n\t\t\t\t\t\t\t<div class=\"elementor-spacer\">\n\t\t\t<div class=\"elementor-spacer-inner\"><\/div>\n\t\t<\/div>\n\t\t\t\t\t\t<\/div>\n\t\t\t\t<\/div>\n\t\t\t\t\t<\/div>\n\t\t<\/div>\n\t\t\t\t\t<\/div>\n\t\t<\/section>\n\t\t\t\t<\/div>\n\t\t","protected":false},"excerpt":{"rendered":"<p>Corporate Venture Capital para Lideran\u00e7as Estrat\u00e9gia, processos e melhores pr\u00e1ticas. Com linguagem acess\u00edvel e foco executivo, Corporate Venture Capital para Lideran\u00e7as \u00e9 leitura essencial para quem quer transformar inova\u00e7\u00e3o em resultado conectando a estrat\u00e9gia da corpora\u00e7\u00e3o com o ecossistema de startups. Adquirir agora<\/p>\n","protected":false},"author":1,"featured_media":0,"parent":0,"menu_order":0,"comment_status":"closed","ping_status":"closed","template":"full_width.php","meta":{"footnotes":""},"class_list":["post-3954","page","type-page","status-publish","hentry"],"yoast_head":"<!-- This site is optimized with the Yoast SEO plugin v27.2 - https:\/\/yoast.com\/product\/yoast-seo-wordpress\/ -->\n<title>Publica\u00e7\u00f5es - Valetec<\/title>\n<meta name=\"robots\" content=\"index, follow, max-snippet:-1, max-image-preview:large, max-video-preview:-1\" \/>\n<link rel=\"canonical\" href=\"https:\/\/valetec.com.br\/site\/publicacoes\/\" \/>\n<meta property=\"og:locale\" content=\"pt_BR\" \/>\n<meta property=\"og:type\" content=\"article\" \/>\n<meta property=\"og:title\" content=\"Publica\u00e7\u00f5es - Valetec\" \/>\n<meta property=\"og:description\" content=\"Corporate Venture Capital para Lideran\u00e7as Estrat\u00e9gia, processos e melhores pr\u00e1ticas. Com linguagem acess\u00edvel e foco executivo, Corporate Venture Capital para Lideran\u00e7as \u00e9 leitura essencial para quem quer transformar inova\u00e7\u00e3o em resultado conectando a estrat\u00e9gia da corpora\u00e7\u00e3o com o ecossistema de startups. Adquirir agora\" \/>\n<meta property=\"og:url\" content=\"https:\/\/valetec.com.br\/site\/publicacoes\/\" \/>\n<meta property=\"og:site_name\" content=\"Valetec\" \/>\n<meta property=\"article:modified_time\" content=\"2025-09-26T14:07:08+00:00\" \/>\n<meta property=\"og:image\" content=\"https:\/\/valetec.com.br\/site\/wp-content\/uploads\/2025\/09\/valetec-livro-peter.png\" \/>\n<meta name=\"twitter:card\" content=\"summary_large_image\" \/>\n<script type=\"application\/ld+json\" class=\"yoast-schema-graph\">{\"@context\":\"https:\/\/schema.org\",\"@graph\":[{\"@type\":\"WebPage\",\"@id\":\"https:\/\/valetec.com.br\/site\/publicacoes\/\",\"url\":\"https:\/\/valetec.com.br\/site\/publicacoes\/\",\"name\":\"Publica\u00e7\u00f5es - Valetec\",\"isPartOf\":{\"@id\":\"https:\/\/valetec.com.br\/site\/#website\"},\"primaryImageOfPage\":{\"@id\":\"https:\/\/valetec.com.br\/site\/publicacoes\/#primaryimage\"},\"image\":{\"@id\":\"https:\/\/valetec.com.br\/site\/publicacoes\/#primaryimage\"},\"thumbnailUrl\":\"https:\/\/valetec.com.br\/site\/wp-content\/uploads\/2025\/09\/valetec-livro-peter.png\",\"datePublished\":\"2025-09-22T21:29:46+00:00\",\"dateModified\":\"2025-09-26T14:07:08+00:00\",\"breadcrumb\":{\"@id\":\"https:\/\/valetec.com.br\/site\/publicacoes\/#breadcrumb\"},\"inLanguage\":\"pt-BR\",\"potentialAction\":[{\"@type\":\"ReadAction\",\"target\":[\"https:\/\/valetec.com.br\/site\/publicacoes\/\"]}]},{\"@type\":\"ImageObject\",\"inLanguage\":\"pt-BR\",\"@id\":\"https:\/\/valetec.com.br\/site\/publicacoes\/#primaryimage\",\"url\":\"https:\/\/valetec.com.br\/site\/wp-content\/uploads\/2025\/09\/valetec-livro-peter.png\",\"contentUrl\":\"https:\/\/valetec.com.br\/site\/wp-content\/uploads\/2025\/09\/valetec-livro-peter.png\",\"width\":800,\"height\":800},{\"@type\":\"BreadcrumbList\",\"@id\":\"https:\/\/valetec.com.br\/site\/publicacoes\/#breadcrumb\",\"itemListElement\":[{\"@type\":\"ListItem\",\"position\":1,\"name\":\"In\u00edcio\",\"item\":\"https:\/\/valetec.com.br\/site\/\"},{\"@type\":\"ListItem\",\"position\":2,\"name\":\"Publica\u00e7\u00f5es\"}]},{\"@type\":\"WebSite\",\"@id\":\"https:\/\/valetec.com.br\/site\/#website\",\"url\":\"https:\/\/valetec.com.br\/site\/\",\"name\":\"Valetec\",\"description\":\"Investimentos sob medida para sua estrat\u00e9gia\",\"publisher\":{\"@id\":\"https:\/\/valetec.com.br\/site\/#organization\"},\"potentialAction\":[{\"@type\":\"SearchAction\",\"target\":{\"@type\":\"EntryPoint\",\"urlTemplate\":\"https:\/\/valetec.com.br\/site\/?s={search_term_string}\"},\"query-input\":{\"@type\":\"PropertyValueSpecification\",\"valueRequired\":true,\"valueName\":\"search_term_string\"}}],\"inLanguage\":\"pt-BR\"},{\"@type\":\"Organization\",\"@id\":\"https:\/\/valetec.com.br\/site\/#organization\",\"name\":\"Valetec\",\"url\":\"https:\/\/valetec.com.br\/site\/\",\"logo\":{\"@type\":\"ImageObject\",\"inLanguage\":\"pt-BR\",\"@id\":\"https:\/\/valetec.com.br\/site\/#\/schema\/logo\/image\/\",\"url\":\"https:\/\/valetec.com.br\/site\/wp-content\/uploads\/2023\/04\/logovaltec.png\",\"contentUrl\":\"https:\/\/valetec.com.br\/site\/wp-content\/uploads\/2023\/04\/logovaltec.png\",\"width\":843,\"height\":240,\"caption\":\"Valetec\"},\"image\":{\"@id\":\"https:\/\/valetec.com.br\/site\/#\/schema\/logo\/image\/\"}}]}<\/script>\n<!-- \/ Yoast SEO plugin. -->","yoast_head_json":{"title":"Publica\u00e7\u00f5es - Valetec","robots":{"index":"index","follow":"follow","max-snippet":"max-snippet:-1","max-image-preview":"max-image-preview:large","max-video-preview":"max-video-preview:-1"},"canonical":"https:\/\/valetec.com.br\/site\/publicacoes\/","og_locale":"pt_BR","og_type":"article","og_title":"Publica\u00e7\u00f5es - Valetec","og_description":"Corporate Venture Capital para Lideran\u00e7as Estrat\u00e9gia, processos e melhores pr\u00e1ticas. Com linguagem acess\u00edvel e foco executivo, Corporate Venture Capital para Lideran\u00e7as \u00e9 leitura essencial para quem quer transformar inova\u00e7\u00e3o em resultado conectando a estrat\u00e9gia da corpora\u00e7\u00e3o com o ecossistema de startups. Adquirir agora","og_url":"https:\/\/valetec.com.br\/site\/publicacoes\/","og_site_name":"Valetec","article_modified_time":"2025-09-26T14:07:08+00:00","og_image":[{"url":"https:\/\/valetec.com.br\/site\/wp-content\/uploads\/2025\/09\/valetec-livro-peter.png","type":"","width":"","height":""}],"twitter_card":"summary_large_image","schema":{"@context":"https:\/\/schema.org","@graph":[{"@type":"WebPage","@id":"https:\/\/valetec.com.br\/site\/publicacoes\/","url":"https:\/\/valetec.com.br\/site\/publicacoes\/","name":"Publica\u00e7\u00f5es - Valetec","isPartOf":{"@id":"https:\/\/valetec.com.br\/site\/#website"},"primaryImageOfPage":{"@id":"https:\/\/valetec.com.br\/site\/publicacoes\/#primaryimage"},"image":{"@id":"https:\/\/valetec.com.br\/site\/publicacoes\/#primaryimage"},"thumbnailUrl":"https:\/\/valetec.com.br\/site\/wp-content\/uploads\/2025\/09\/valetec-livro-peter.png","datePublished":"2025-09-22T21:29:46+00:00","dateModified":"2025-09-26T14:07:08+00:00","breadcrumb":{"@id":"https:\/\/valetec.com.br\/site\/publicacoes\/#breadcrumb"},"inLanguage":"pt-BR","potentialAction":[{"@type":"ReadAction","target":["https:\/\/valetec.com.br\/site\/publicacoes\/"]}]},{"@type":"ImageObject","inLanguage":"pt-BR","@id":"https:\/\/valetec.com.br\/site\/publicacoes\/#primaryimage","url":"https:\/\/valetec.com.br\/site\/wp-content\/uploads\/2025\/09\/valetec-livro-peter.png","contentUrl":"https:\/\/valetec.com.br\/site\/wp-content\/uploads\/2025\/09\/valetec-livro-peter.png","width":800,"height":800},{"@type":"BreadcrumbList","@id":"https:\/\/valetec.com.br\/site\/publicacoes\/#breadcrumb","itemListElement":[{"@type":"ListItem","position":1,"name":"In\u00edcio","item":"https:\/\/valetec.com.br\/site\/"},{"@type":"ListItem","position":2,"name":"Publica\u00e7\u00f5es"}]},{"@type":"WebSite","@id":"https:\/\/valetec.com.br\/site\/#website","url":"https:\/\/valetec.com.br\/site\/","name":"Valetec","description":"Investimentos sob medida para sua estrat\u00e9gia","publisher":{"@id":"https:\/\/valetec.com.br\/site\/#organization"},"potentialAction":[{"@type":"SearchAction","target":{"@type":"EntryPoint","urlTemplate":"https:\/\/valetec.com.br\/site\/?s={search_term_string}"},"query-input":{"@type":"PropertyValueSpecification","valueRequired":true,"valueName":"search_term_string"}}],"inLanguage":"pt-BR"},{"@type":"Organization","@id":"https:\/\/valetec.com.br\/site\/#organization","name":"Valetec","url":"https:\/\/valetec.com.br\/site\/","logo":{"@type":"ImageObject","inLanguage":"pt-BR","@id":"https:\/\/valetec.com.br\/site\/#\/schema\/logo\/image\/","url":"https:\/\/valetec.com.br\/site\/wp-content\/uploads\/2023\/04\/logovaltec.png","contentUrl":"https:\/\/valetec.com.br\/site\/wp-content\/uploads\/2023\/04\/logovaltec.png","width":843,"height":240,"caption":"Valetec"},"image":{"@id":"https:\/\/valetec.com.br\/site\/#\/schema\/logo\/image\/"}}]}},"_links":{"self":[{"href":"https:\/\/valetec.com.br\/site\/wp-json\/wp\/v2\/pages\/3954","targetHints":{"allow":["GET"]}}],"collection":[{"href":"https:\/\/valetec.com.br\/site\/wp-json\/wp\/v2\/pages"}],"about":[{"href":"https:\/\/valetec.com.br\/site\/wp-json\/wp\/v2\/types\/page"}],"author":[{"embeddable":true,"href":"https:\/\/valetec.com.br\/site\/wp-json\/wp\/v2\/users\/1"}],"replies":[{"embeddable":true,"href":"https:\/\/valetec.com.br\/site\/wp-json\/wp\/v2\/comments?post=3954"}],"version-history":[{"count":40,"href":"https:\/\/valetec.com.br\/site\/wp-json\/wp\/v2\/pages\/3954\/revisions"}],"predecessor-version":[{"id":4003,"href":"https:\/\/valetec.com.br\/site\/wp-json\/wp\/v2\/pages\/3954\/revisions\/4003"}],"wp:attachment":[{"href":"https:\/\/valetec.com.br\/site\/wp-json\/wp\/v2\/media?parent=3954"}],"curies":[{"name":"wp","href":"https:\/\/api.w.org\/{rel}","templated":true}]}}