{"id":3188,"date":"2024-04-03T09:11:15","date_gmt":"2024-04-03T12:11:15","guid":{"rendered":"https:\/\/valetec.com.br\/site\/?page_id=3188"},"modified":"2026-03-23T13:49:15","modified_gmt":"2026-03-23T16:49:15","slug":"politicas-e-documentos-publicos","status":"publish","type":"page","link":"https:\/\/valetec.com.br\/site\/politicas-e-documentos-publicos\/","title":{"rendered":"Pol\u00edticas e Documentos P\u00fablicos"},"content":{"rendered":"\t\t<div data-elementor-type=\"wp-page\" data-elementor-id=\"3188\" class=\"elementor elementor-3188\">\n\t\t\t\t\t\t<section class=\"elementor-section elementor-top-section elementor-element elementor-element-e97199e elementor-section-boxed elementor-section-height-default elementor-section-height-default parallax_section_no qode_elementor_container_no\" data-id=\"e97199e\" data-element_type=\"section\" data-settings=\"{&quot;background_background&quot;:&quot;classic&quot;}\">\n\t\t\t\t\t\t<div class=\"elementor-container elementor-column-gap-default\">\n\t\t\t\t\t<div class=\"elementor-column elementor-col-50 elementor-top-column elementor-element elementor-element-59ca1c3\" data-id=\"59ca1c3\" data-element_type=\"column\">\n\t\t\t<div class=\"elementor-widget-wrap elementor-element-populated\">\n\t\t\t\t\t\t<div class=\"elementor-element elementor-element-f73cd53 elementor-hidden-tablet elementor-hidden-mobile elementor-widget elementor-widget-spacer\" data-id=\"f73cd53\" data-element_type=\"widget\" data-widget_type=\"spacer.default\">\n\t\t\t\t<div class=\"elementor-widget-container\">\n\t\t\t\t\t\t\t<div class=\"elementor-spacer\">\n\t\t\t<div class=\"elementor-spacer-inner\"><\/div>\n\t\t<\/div>\n\t\t\t\t\t\t<\/div>\n\t\t\t\t<\/div>\n\t\t\t\t<div class=\"elementor-element elementor-element-c7b71aa elementor-widget__width-initial elementor-widget elementor-widget-image\" data-id=\"c7b71aa\" data-element_type=\"widget\" data-widget_type=\"image.default\">\n\t\t\t\t<div class=\"elementor-widget-container\">\n\t\t\t\t\t\t\t\t\t\t\t\t\t\t\t<img fetchpriority=\"high\" decoding=\"async\" width=\"300\" height=\"300\" src=\"https:\/\/valetec.com.br\/site\/wp-content\/uploads\/2023\/07\/icon-valetec.png\" class=\"attachment-large size-large wp-image-1846\" alt=\"\" srcset=\"https:\/\/valetec.com.br\/site\/wp-content\/uploads\/2023\/07\/icon-valetec.png 300w, https:\/\/valetec.com.br\/site\/wp-content\/uploads\/2023\/07\/icon-valetec-150x150.png 150w, https:\/\/valetec.com.br\/site\/wp-content\/uploads\/2023\/07\/elementor\/thumbs\/icon-valetec-q9da24diwmscej9dwn8z4bzlwns33wqxsoh0r2z8q0.png 100w, https:\/\/valetec.com.br\/site\/wp-content\/uploads\/2023\/07\/elementor\/thumbs\/icon-valetec-q9da24dinv122xmn0v2qp47xp6xrdk3smbjzisvsps.png 80w, https:\/\/valetec.com.br\/site\/wp-content\/uploads\/2023\/07\/elementor\/thumbs\/icon-valetec-q9da24dis8wp8qg0gr5uwq3rsxcx8qfd7i0i4xxipw.png 90w\" sizes=\"(max-width: 300px) 100vw, 300px\" \/>\t\t\t\t\t\t\t\t\t\t\t\t\t\t\t<\/div>\n\t\t\t\t<\/div>\n\t\t\t\t<div class=\"elementor-element elementor-element-63addf0 elementor-widget elementor-widget-text-editor\" data-id=\"63addf0\" data-element_type=\"widget\" data-widget_type=\"text-editor.default\">\n\t\t\t\t<div class=\"elementor-widget-container\">\n\t\t\t\t\t\t\t\t\tPol\u00edticas e Documentos \t\t\t\t\t\t\t\t<\/div>\n\t\t\t\t<\/div>\n\t\t\t\t<div class=\"elementor-element elementor-element-da83608 elementor-widget-divider--view-line elementor-widget elementor-widget-divider\" data-id=\"da83608\" data-element_type=\"widget\" data-widget_type=\"divider.default\">\n\t\t\t\t<div class=\"elementor-widget-container\">\n\t\t\t\t\t\t\t<div class=\"elementor-divider\">\n\t\t\t<span class=\"elementor-divider-separator\">\n\t\t\t\t\t\t<\/span>\n\t\t<\/div>\n\t\t\t\t\t\t<\/div>\n\t\t\t\t<\/div>\n\t\t\t\t<div class=\"elementor-element elementor-element-c0ee260 elementor-widget elementor-widget-text-editor\" data-id=\"c0ee260\" data-element_type=\"widget\" data-widget_type=\"text-editor.default\">\n\t\t\t\t<div class=\"elementor-widget-container\">\n\t\t\t\t\t\t\t\t\t<ul><li><a href=\"https:\/\/valetec.com.br\/site\/wp-content\/uploads\/2024\/01\/Valetec-Codigo-de-Etica-e-Conduta.pdf\" target=\"_blank\" rel=\"noopener\">C\u00f3digo de Conduta e Pol\u00edticas<\/a><\/li><li><a href=\"https:\/\/valetec.com.br\/site\/wp-content\/uploads\/2024\/01\/Valetec-Politica-de-Voto.pdf\" target=\"_blank\" rel=\"noopener\">Pol\u00edtica de Voto<\/a><\/li><li><a href=\"https:\/\/valetec.com.br\/site\/wp-content\/uploads\/2024\/04\/Valetec_Politica-de-Investimentos-Pessoais_v2.pdf\" target=\"_blank\" rel=\"noopener\">Pol\u00edtica de Investimentos Pessoais<\/a><\/li><li><a href=\"https:\/\/valetec.com.br\/site\/wp-content\/uploads\/2024\/04\/Valetec_Politica-de-Compliance-e-Controles-Internos_v2.pdf\" target=\"_blank\" rel=\"noopener\">Pol\u00edtica de Compliance<\/a><\/li><li><a href=\"https:\/\/valetec.com.br\/site\/wp-content\/uploads\/2026\/03\/Formulario-de-Referencia_data-base-2025-Clicksign.pdf\" target=\"_blank\" rel=\"noopener\">Formul\u00e1rio de Refer\u00eancia<\/a><\/li><li><a href=\"https:\/\/valetec.com.br\/site\/wp-content\/uploads\/2024\/01\/Valetec-Politica-de-Regras-e-Procedimentos-de-Controles-Internos.pdf\" target=\"_blank\" rel=\"noopener\">Poli\u0301tica de Regras e Procedimentos de Controles Internos<\/a><\/li><li><a href=\"https:\/\/valetec.com.br\/site\/wp-content\/uploads\/2024\/01\/Valetec-Politica-de-Rateio-e-Divisao-de-Ordens.pdf\" target=\"_blank\" rel=\"noopener\">Poli\u0301tica de Rateio e Divisa\u0303o de Ordens<\/a><\/li><li><a href=\"https:\/\/valetec.com.br\/site\/wp-content\/uploads\/2024\/01\/Valetec-Politica-de-Gestao-de-Riscos.pdf\" target=\"_blank\" rel=\"noopener\">Pol\u00edtica da Gest\u00e3o de Riscos<\/a><\/li><li><a href=\"https:\/\/valetec.com.br\/site\/wp-content\/uploads\/2024\/08\/000-Macro_Politica_ESG_Valetec_vf_2024.pdf\" target=\"_blank\" rel=\"noopener\">Macro Pol\u00edtica ESG Valetec<\/a><\/li><\/ul>\t\t\t\t\t\t\t\t<\/div>\n\t\t\t\t<\/div>\n\t\t\t\t<div class=\"elementor-element elementor-element-91afd8c elementor-widget elementor-widget-spacer\" data-id=\"91afd8c\" data-element_type=\"widget\" data-widget_type=\"spacer.default\">\n\t\t\t\t<div class=\"elementor-widget-container\">\n\t\t\t\t\t\t\t<div class=\"elementor-spacer\">\n\t\t\t<div class=\"elementor-spacer-inner\"><\/div>\n\t\t<\/div>\n\t\t\t\t\t\t<\/div>\n\t\t\t\t<\/div>\n\t\t\t\t\t<\/div>\n\t\t<\/div>\n\t\t\t\t<div class=\"elementor-column elementor-col-50 elementor-top-column elementor-element elementor-element-970ebbf\" data-id=\"970ebbf\" data-element_type=\"column\">\n\t\t\t<div class=\"elementor-widget-wrap elementor-element-populated\">\n\t\t\t\t\t\t<div class=\"elementor-element elementor-element-52fd8f3 elementor-widget elementor-widget-spacer\" data-id=\"52fd8f3\" data-element_type=\"widget\" data-widget_type=\"spacer.default\">\n\t\t\t\t<div class=\"elementor-widget-container\">\n\t\t\t\t\t\t\t<div class=\"elementor-spacer\">\n\t\t\t<div class=\"elementor-spacer-inner\"><\/div>\n\t\t<\/div>\n\t\t\t\t\t\t<\/div>\n\t\t\t\t<\/div>\n\t\t\t\t\t<\/div>\n\t\t<\/div>\n\t\t\t\t\t<\/div>\n\t\t<\/section>\n\t\t\t\t<\/div>\n\t\t","protected":false},"excerpt":{"rendered":"<p>Pol\u00edticas e Documentos C\u00f3digo de Conduta e Pol\u00edticas Pol\u00edtica de Voto Pol\u00edtica de Investimentos Pessoais Pol\u00edtica de Compliance Formul\u00e1rio de Refer\u00eancia Poli\u0301tica de Regras e Procedimentos de Controles Internos Poli\u0301tica de Rateio e Divisa\u0303o de Ordens Pol\u00edtica da Gest\u00e3o de Riscos Macro Pol\u00edtica ESG Valetec<\/p>\n","protected":false},"author":1,"featured_media":0,"parent":0,"menu_order":0,"comment_status":"closed","ping_status":"closed","template":"full_width.php","meta":{"footnotes":""},"class_list":["post-3188","page","type-page","status-publish","hentry"],"yoast_head":"<!-- This site is optimized with the Yoast SEO plugin v27.2 - https:\/\/yoast.com\/product\/yoast-seo-wordpress\/ -->\n<title>Pol\u00edticas e Documentos P\u00fablicos - Valetec<\/title>\n<meta name=\"robots\" content=\"index, follow, max-snippet:-1, max-image-preview:large, max-video-preview:-1\" \/>\n<link rel=\"canonical\" href=\"https:\/\/valetec.com.br\/site\/politicas-e-documentos-publicos\/\" \/>\n<meta property=\"og:locale\" content=\"pt_BR\" \/>\n<meta property=\"og:type\" content=\"article\" \/>\n<meta property=\"og:title\" content=\"Pol\u00edticas e Documentos P\u00fablicos - Valetec\" \/>\n<meta property=\"og:description\" content=\"Pol\u00edticas e Documentos C\u00f3digo de Conduta e Pol\u00edticas Pol\u00edtica de Voto Pol\u00edtica de Investimentos Pessoais Pol\u00edtica de Compliance Formul\u00e1rio de Refer\u00eancia Poli\u0301tica de Regras e Procedimentos de Controles Internos Poli\u0301tica de Rateio e Divisa\u0303o de Ordens Pol\u00edtica da Gest\u00e3o de Riscos Macro Pol\u00edtica ESG Valetec\" \/>\n<meta property=\"og:url\" content=\"https:\/\/valetec.com.br\/site\/politicas-e-documentos-publicos\/\" \/>\n<meta property=\"og:site_name\" content=\"Valetec\" \/>\n<meta property=\"article:modified_time\" content=\"2026-03-23T16:49:15+00:00\" \/>\n<meta property=\"og:image\" content=\"https:\/\/valetec.com.br\/site\/wp-content\/uploads\/2023\/07\/icon-valetec.png\" \/>\n\t<meta property=\"og:image:width\" content=\"300\" \/>\n\t<meta property=\"og:image:height\" content=\"300\" \/>\n\t<meta property=\"og:image:type\" content=\"image\/png\" \/>\n<meta name=\"twitter:card\" content=\"summary_large_image\" \/>\n<meta name=\"twitter:label1\" content=\"Est. tempo de leitura\" \/>\n\t<meta name=\"twitter:data1\" content=\"1 minuto\" \/>\n<script type=\"application\/ld+json\" class=\"yoast-schema-graph\">{\"@context\":\"https:\/\/schema.org\",\"@graph\":[{\"@type\":\"WebPage\",\"@id\":\"https:\/\/valetec.com.br\/site\/politicas-e-documentos-publicos\/\",\"url\":\"https:\/\/valetec.com.br\/site\/politicas-e-documentos-publicos\/\",\"name\":\"Pol\u00edticas e Documentos P\u00fablicos - Valetec\",\"isPartOf\":{\"@id\":\"https:\/\/valetec.com.br\/site\/#website\"},\"primaryImageOfPage\":{\"@id\":\"https:\/\/valetec.com.br\/site\/politicas-e-documentos-publicos\/#primaryimage\"},\"image\":{\"@id\":\"https:\/\/valetec.com.br\/site\/politicas-e-documentos-publicos\/#primaryimage\"},\"thumbnailUrl\":\"https:\/\/valetec.com.br\/site\/wp-content\/uploads\/2023\/07\/icon-valetec.png\",\"datePublished\":\"2024-04-03T12:11:15+00:00\",\"dateModified\":\"2026-03-23T16:49:15+00:00\",\"breadcrumb\":{\"@id\":\"https:\/\/valetec.com.br\/site\/politicas-e-documentos-publicos\/#breadcrumb\"},\"inLanguage\":\"pt-BR\",\"potentialAction\":[{\"@type\":\"ReadAction\",\"target\":[\"https:\/\/valetec.com.br\/site\/politicas-e-documentos-publicos\/\"]}]},{\"@type\":\"ImageObject\",\"inLanguage\":\"pt-BR\",\"@id\":\"https:\/\/valetec.com.br\/site\/politicas-e-documentos-publicos\/#primaryimage\",\"url\":\"https:\/\/valetec.com.br\/site\/wp-content\/uploads\/2023\/07\/icon-valetec.png\",\"contentUrl\":\"https:\/\/valetec.com.br\/site\/wp-content\/uploads\/2023\/07\/icon-valetec.png\",\"width\":300,\"height\":300},{\"@type\":\"BreadcrumbList\",\"@id\":\"https:\/\/valetec.com.br\/site\/politicas-e-documentos-publicos\/#breadcrumb\",\"itemListElement\":[{\"@type\":\"ListItem\",\"position\":1,\"name\":\"In\u00edcio\",\"item\":\"https:\/\/valetec.com.br\/site\/\"},{\"@type\":\"ListItem\",\"position\":2,\"name\":\"Pol\u00edticas e Documentos P\u00fablicos\"}]},{\"@type\":\"WebSite\",\"@id\":\"https:\/\/valetec.com.br\/site\/#website\",\"url\":\"https:\/\/valetec.com.br\/site\/\",\"name\":\"Valetec\",\"description\":\"Investimentos sob medida para sua estrat\u00e9gia\",\"publisher\":{\"@id\":\"https:\/\/valetec.com.br\/site\/#organization\"},\"potentialAction\":[{\"@type\":\"SearchAction\",\"target\":{\"@type\":\"EntryPoint\",\"urlTemplate\":\"https:\/\/valetec.com.br\/site\/?s={search_term_string}\"},\"query-input\":{\"@type\":\"PropertyValueSpecification\",\"valueRequired\":true,\"valueName\":\"search_term_string\"}}],\"inLanguage\":\"pt-BR\"},{\"@type\":\"Organization\",\"@id\":\"https:\/\/valetec.com.br\/site\/#organization\",\"name\":\"Valetec\",\"url\":\"https:\/\/valetec.com.br\/site\/\",\"logo\":{\"@type\":\"ImageObject\",\"inLanguage\":\"pt-BR\",\"@id\":\"https:\/\/valetec.com.br\/site\/#\/schema\/logo\/image\/\",\"url\":\"https:\/\/valetec.com.br\/site\/wp-content\/uploads\/2023\/04\/logovaltec.png\",\"contentUrl\":\"https:\/\/valetec.com.br\/site\/wp-content\/uploads\/2023\/04\/logovaltec.png\",\"width\":843,\"height\":240,\"caption\":\"Valetec\"},\"image\":{\"@id\":\"https:\/\/valetec.com.br\/site\/#\/schema\/logo\/image\/\"}}]}<\/script>\n<!-- \/ Yoast SEO plugin. -->","yoast_head_json":{"title":"Pol\u00edticas e Documentos P\u00fablicos - Valetec","robots":{"index":"index","follow":"follow","max-snippet":"max-snippet:-1","max-image-preview":"max-image-preview:large","max-video-preview":"max-video-preview:-1"},"canonical":"https:\/\/valetec.com.br\/site\/politicas-e-documentos-publicos\/","og_locale":"pt_BR","og_type":"article","og_title":"Pol\u00edticas e Documentos P\u00fablicos - Valetec","og_description":"Pol\u00edticas e Documentos C\u00f3digo de Conduta e Pol\u00edticas Pol\u00edtica de Voto Pol\u00edtica de Investimentos Pessoais Pol\u00edtica de Compliance Formul\u00e1rio de Refer\u00eancia Poli\u0301tica de Regras e Procedimentos de Controles Internos Poli\u0301tica de Rateio e Divisa\u0303o de Ordens Pol\u00edtica da Gest\u00e3o de Riscos Macro Pol\u00edtica ESG Valetec","og_url":"https:\/\/valetec.com.br\/site\/politicas-e-documentos-publicos\/","og_site_name":"Valetec","article_modified_time":"2026-03-23T16:49:15+00:00","og_image":[{"width":300,"height":300,"url":"https:\/\/valetec.com.br\/site\/wp-content\/uploads\/2023\/07\/icon-valetec.png","type":"image\/png"}],"twitter_card":"summary_large_image","twitter_misc":{"Est. tempo de leitura":"1 minuto"},"schema":{"@context":"https:\/\/schema.org","@graph":[{"@type":"WebPage","@id":"https:\/\/valetec.com.br\/site\/politicas-e-documentos-publicos\/","url":"https:\/\/valetec.com.br\/site\/politicas-e-documentos-publicos\/","name":"Pol\u00edticas e Documentos P\u00fablicos - Valetec","isPartOf":{"@id":"https:\/\/valetec.com.br\/site\/#website"},"primaryImageOfPage":{"@id":"https:\/\/valetec.com.br\/site\/politicas-e-documentos-publicos\/#primaryimage"},"image":{"@id":"https:\/\/valetec.com.br\/site\/politicas-e-documentos-publicos\/#primaryimage"},"thumbnailUrl":"https:\/\/valetec.com.br\/site\/wp-content\/uploads\/2023\/07\/icon-valetec.png","datePublished":"2024-04-03T12:11:15+00:00","dateModified":"2026-03-23T16:49:15+00:00","breadcrumb":{"@id":"https:\/\/valetec.com.br\/site\/politicas-e-documentos-publicos\/#breadcrumb"},"inLanguage":"pt-BR","potentialAction":[{"@type":"ReadAction","target":["https:\/\/valetec.com.br\/site\/politicas-e-documentos-publicos\/"]}]},{"@type":"ImageObject","inLanguage":"pt-BR","@id":"https:\/\/valetec.com.br\/site\/politicas-e-documentos-publicos\/#primaryimage","url":"https:\/\/valetec.com.br\/site\/wp-content\/uploads\/2023\/07\/icon-valetec.png","contentUrl":"https:\/\/valetec.com.br\/site\/wp-content\/uploads\/2023\/07\/icon-valetec.png","width":300,"height":300},{"@type":"BreadcrumbList","@id":"https:\/\/valetec.com.br\/site\/politicas-e-documentos-publicos\/#breadcrumb","itemListElement":[{"@type":"ListItem","position":1,"name":"In\u00edcio","item":"https:\/\/valetec.com.br\/site\/"},{"@type":"ListItem","position":2,"name":"Pol\u00edticas e Documentos P\u00fablicos"}]},{"@type":"WebSite","@id":"https:\/\/valetec.com.br\/site\/#website","url":"https:\/\/valetec.com.br\/site\/","name":"Valetec","description":"Investimentos sob medida para sua estrat\u00e9gia","publisher":{"@id":"https:\/\/valetec.com.br\/site\/#organization"},"potentialAction":[{"@type":"SearchAction","target":{"@type":"EntryPoint","urlTemplate":"https:\/\/valetec.com.br\/site\/?s={search_term_string}"},"query-input":{"@type":"PropertyValueSpecification","valueRequired":true,"valueName":"search_term_string"}}],"inLanguage":"pt-BR"},{"@type":"Organization","@id":"https:\/\/valetec.com.br\/site\/#organization","name":"Valetec","url":"https:\/\/valetec.com.br\/site\/","logo":{"@type":"ImageObject","inLanguage":"pt-BR","@id":"https:\/\/valetec.com.br\/site\/#\/schema\/logo\/image\/","url":"https:\/\/valetec.com.br\/site\/wp-content\/uploads\/2023\/04\/logovaltec.png","contentUrl":"https:\/\/valetec.com.br\/site\/wp-content\/uploads\/2023\/04\/logovaltec.png","width":843,"height":240,"caption":"Valetec"},"image":{"@id":"https:\/\/valetec.com.br\/site\/#\/schema\/logo\/image\/"}}]}},"_links":{"self":[{"href":"https:\/\/valetec.com.br\/site\/wp-json\/wp\/v2\/pages\/3188","targetHints":{"allow":["GET"]}}],"collection":[{"href":"https:\/\/valetec.com.br\/site\/wp-json\/wp\/v2\/pages"}],"about":[{"href":"https:\/\/valetec.com.br\/site\/wp-json\/wp\/v2\/types\/page"}],"author":[{"embeddable":true,"href":"https:\/\/valetec.com.br\/site\/wp-json\/wp\/v2\/users\/1"}],"replies":[{"embeddable":true,"href":"https:\/\/valetec.com.br\/site\/wp-json\/wp\/v2\/comments?post=3188"}],"version-history":[{"count":28,"href":"https:\/\/valetec.com.br\/site\/wp-json\/wp\/v2\/pages\/3188\/revisions"}],"predecessor-version":[{"id":4148,"href":"https:\/\/valetec.com.br\/site\/wp-json\/wp\/v2\/pages\/3188\/revisions\/4148"}],"wp:attachment":[{"href":"https:\/\/valetec.com.br\/site\/wp-json\/wp\/v2\/media?parent=3188"}],"curies":[{"name":"wp","href":"https:\/\/api.w.org\/{rel}","templated":true}]}}