{"id":2338,"date":"2023-07-18T11:51:03","date_gmt":"2023-07-18T11:51:03","guid":{"rendered":"https:\/\/valetec.com.br\/site?page_id=2338"},"modified":"2023-09-20T16:24:31","modified_gmt":"2023-09-20T19:24:31","slug":"b3","status":"publish","type":"page","link":"https:\/\/valetec.com.br\/site\/b3\/","title":{"rendered":"B3"},"content":{"rendered":"\t\t<div data-elementor-type=\"wp-page\" data-elementor-id=\"2338\" class=\"elementor elementor-2338\">\n\t\t\t\t\t\t<section class=\"elementor-section elementor-top-section elementor-element elementor-element-036d2f0 elementor-section-boxed elementor-section-height-default elementor-section-height-default parallax_section_no qode_elementor_container_no\" data-id=\"036d2f0\" data-element_type=\"section\" data-settings=\"{&quot;background_background&quot;:&quot;gradient&quot;}\">\n\t\t\t\t\t\t<div class=\"elementor-container elementor-column-gap-default\">\n\t\t\t\t\t<div class=\"elementor-column elementor-col-50 elementor-top-column elementor-element elementor-element-a6de8d7\" data-id=\"a6de8d7\" data-element_type=\"column\">\n\t\t\t<div class=\"elementor-widget-wrap elementor-element-populated\">\n\t\t\t\t\t\t<section class=\"elementor-section elementor-inner-section elementor-element elementor-element-839a1e4 elementor-section-boxed elementor-section-height-default elementor-section-height-default parallax_section_no qode_elementor_container_no\" data-id=\"839a1e4\" data-element_type=\"section\">\n\t\t\t\t\t\t<div class=\"elementor-container elementor-column-gap-default\">\n\t\t\t\t\t<div class=\"elementor-column elementor-col-50 elementor-inner-column elementor-element elementor-element-3241080\" data-id=\"3241080\" data-element_type=\"column\">\n\t\t\t<div class=\"elementor-widget-wrap elementor-element-populated\">\n\t\t\t\t\t\t<div class=\"elementor-element elementor-element-c0fc506 elementor-widget elementor-widget-image\" data-id=\"c0fc506\" data-element_type=\"widget\" data-widget_type=\"image.default\">\n\t\t\t\t<div class=\"elementor-widget-container\">\n\t\t\t\t\t\t\t\t\t\t\t\t\t\t\t<img fetchpriority=\"high\" decoding=\"async\" width=\"500\" height=\"232\" src=\"https:\/\/valetec.com.br\/site\/wp-content\/uploads\/2023\/06\/b3.png\" class=\"attachment-large size-large wp-image-1408\" alt=\"\" srcset=\"https:\/\/valetec.com.br\/site\/wp-content\/uploads\/2023\/06\/b3.png 500w, https:\/\/valetec.com.br\/site\/wp-content\/uploads\/2023\/06\/b3-300x139.png 300w\" sizes=\"(max-width: 500px) 100vw, 500px\" \/>\t\t\t\t\t\t\t\t\t\t\t\t\t\t\t<\/div>\n\t\t\t\t<\/div>\n\t\t\t\t\t<\/div>\n\t\t<\/div>\n\t\t\t\t<div class=\"elementor-column elementor-col-50 elementor-inner-column elementor-element elementor-element-31ebb4a\" data-id=\"31ebb4a\" data-element_type=\"column\">\n\t\t\t<div class=\"elementor-widget-wrap elementor-element-populated\">\n\t\t\t\t\t\t<div class=\"elementor-element elementor-element-26679bd elementor-widget elementor-widget-spacer\" data-id=\"26679bd\" data-element_type=\"widget\" data-widget_type=\"spacer.default\">\n\t\t\t\t<div class=\"elementor-widget-container\">\n\t\t\t\t\t\t\t<div class=\"elementor-spacer\">\n\t\t\t<div class=\"elementor-spacer-inner\"><\/div>\n\t\t<\/div>\n\t\t\t\t\t\t<\/div>\n\t\t\t\t<\/div>\n\t\t\t\t<div class=\"elementor-element elementor-element-e7b0321 elementor-widget elementor-widget-image\" data-id=\"e7b0321\" data-element_type=\"widget\" data-widget_type=\"image.default\">\n\t\t\t\t<div class=\"elementor-widget-container\">\n\t\t\t\t\t\t\t\t\t\t\t\t\t\t\t<img decoding=\"async\" width=\"250\" height=\"100\" src=\"https:\/\/valetec.com.br\/site\/wp-content\/uploads\/2023\/07\/BE-F.png\" class=\"attachment-large size-large wp-image-2340\" alt=\"\" \/>\t\t\t\t\t\t\t\t\t\t\t\t\t\t\t<\/div>\n\t\t\t\t<\/div>\n\t\t\t\t\t<\/div>\n\t\t<\/div>\n\t\t\t\t\t<\/div>\n\t\t<\/section>\n\t\t\t\t<div class=\"elementor-element elementor-element-65e6f35 elementor-widget elementor-widget-spacer\" data-id=\"65e6f35\" data-element_type=\"widget\" data-widget_type=\"spacer.default\">\n\t\t\t\t<div class=\"elementor-widget-container\">\n\t\t\t\t\t\t\t<div class=\"elementor-spacer\">\n\t\t\t<div class=\"elementor-spacer-inner\"><\/div>\n\t\t<\/div>\n\t\t\t\t\t\t<\/div>\n\t\t\t\t<\/div>\n\t\t\t\t<div class=\"elementor-element elementor-element-c98d9b5 elementor-icon-list--layout-traditional elementor-list-item-link-full_width elementor-widget elementor-widget-icon-list\" data-id=\"c98d9b5\" data-element_type=\"widget\" data-widget_type=\"icon-list.default\">\n\t\t\t\t<div class=\"elementor-widget-container\">\n\t\t\t\t\t\t\t<ul class=\"elementor-icon-list-items\">\n\t\t\t\t\t\t\t<li class=\"elementor-icon-list-item\">\n\t\t\t\t\t\t\t\t\t\t\t<span class=\"elementor-icon-list-icon\">\n\t\t\t\t\t\t\t<i aria-hidden=\"true\" class=\"fas fa-chevron-circle-right\"><\/i>\t\t\t\t\t\t<\/span>\n\t\t\t\t\t\t\t\t\t\t<span class=\"elementor-icon-list-text\">DESCRI\u00c7\u00c3O<\/span>\n\t\t\t\t\t\t\t\t\t<\/li>\n\t\t\t\t\t\t<\/ul>\n\t\t\t\t\t\t<\/div>\n\t\t\t\t<\/div>\n\t\t\t\t<div class=\"elementor-element elementor-element-52d0db0 elementor-widget elementor-widget-spacer\" data-id=\"52d0db0\" data-element_type=\"widget\" data-widget_type=\"spacer.default\">\n\t\t\t\t<div class=\"elementor-widget-container\">\n\t\t\t\t\t\t\t<div class=\"elementor-spacer\">\n\t\t\t<div class=\"elementor-spacer-inner\"><\/div>\n\t\t<\/div>\n\t\t\t\t\t\t<\/div>\n\t\t\t\t<\/div>\n\t\t\t\t<div class=\"elementor-element elementor-element-62c2534 elementor-widget elementor-widget-text-editor\" data-id=\"62c2534\" data-element_type=\"widget\" data-widget_type=\"text-editor.default\">\n\t\t\t\t<div class=\"elementor-widget-container\">\n\t\t\t\t\t\t\t\t\t<p>Lan\u00e7ado em maio de 2022, o fundo L4 Venture Builder ir\u00e1 destinar R$ 600 milh\u00f5es a neg\u00f3cios de inova\u00e7\u00e3o nos pr\u00f3ximos cinco anos, sem estabelecer um ticket m\u00ednimo ou uma quantidade de empresas a serem investidas. O ve\u00edculo de investimentos, capitalizado pela bolsa de valores B3, \u00e9 direcionado a startups que atuam em \u00e1reas com alto potencial de crescimento como energia, carbono, finan\u00e7as descentralizadas, tokeniza\u00e7\u00e3o de ativos, solu\u00e7\u00f5es para fintechs, neobanks, crowdfunding e pagamentos.<\/p><p>\u00a0<\/p>\t\t\t\t\t\t\t\t<\/div>\n\t\t\t\t<\/div>\n\t\t\t\t<div class=\"elementor-element elementor-element-af36e1a elementor-widget elementor-widget-text-editor\" data-id=\"af36e1a\" data-element_type=\"widget\" data-widget_type=\"text-editor.default\">\n\t\t\t\t<div class=\"elementor-widget-container\">\n\t\t\t\t\t\t\t\t\t\u201cA B3 criou o seu CVC para estar atualizada ao ritmo de inova\u00e7\u00e3o no Brasil e no mundo. O fundo nos permite olhar para novas solu\u00e7\u00f5es e inova\u00e7\u00f5es que, apesar de pequenas atualmente, podem ser gigantescas no futuro, e endere\u00e7ar diferentes avenidas que permeiam o neg\u00f3cio da B3. \u00c9 um fundo de inova\u00e7\u00e3o e intelig\u00eancia para antecipar futuras demandas que podem ser necess\u00e1rias para atender os clientes e a sociedade\u201d, explica Pedro Meduna, cofundador do L4 Venture Builder. \t\t\t\t\t\t\t\t<\/div>\n\t\t\t\t<\/div>\n\t\t\t\t\t<\/div>\n\t\t<\/div>\n\t\t\t\t<div class=\"elementor-column elementor-col-50 elementor-top-column elementor-element elementor-element-ae8f179\" data-id=\"ae8f179\" data-element_type=\"column\" data-settings=\"{&quot;background_background&quot;:&quot;classic&quot;}\">\n\t\t\t<div class=\"elementor-widget-wrap elementor-element-populated\">\n\t\t\t\t\t\t<div class=\"elementor-element elementor-element-81438ca elementor-icon-list--layout-traditional elementor-list-item-link-full_width elementor-widget elementor-widget-icon-list\" data-id=\"81438ca\" data-element_type=\"widget\" data-widget_type=\"icon-list.default\">\n\t\t\t\t<div class=\"elementor-widget-container\">\n\t\t\t\t\t\t\t<ul class=\"elementor-icon-list-items\">\n\t\t\t\t\t\t\t<li class=\"elementor-icon-list-item\">\n\t\t\t\t\t\t\t\t\t\t\t<span class=\"elementor-icon-list-icon\">\n\t\t\t\t\t\t\t<i aria-hidden=\"true\" class=\"fas fa-chevron-circle-right\"><\/i>\t\t\t\t\t\t<\/span>\n\t\t\t\t\t\t\t\t\t\t<span class=\"elementor-icon-list-text\">LOCALIZA\u00c7\u00c3O<\/span>\n\t\t\t\t\t\t\t\t\t<\/li>\n\t\t\t\t\t\t<\/ul>\n\t\t\t\t\t\t<\/div>\n\t\t\t\t<\/div>\n\t\t\t\t<div class=\"elementor-element elementor-element-a6cd9d3 elementor-widget elementor-widget-text-editor\" data-id=\"a6cd9d3\" data-element_type=\"widget\" data-widget_type=\"text-editor.default\">\n\t\t\t\t<div class=\"elementor-widget-container\">\n\t\t\t\t\t\t\t\t\t<p>Preferencialmente Brasil, podendo investir tamb\u00e9m em<br \/>outros pa\u00edses, sem restri\u00e7\u00e3o.<\/p>\t\t\t\t\t\t\t\t<\/div>\n\t\t\t\t<\/div>\n\t\t\t\t<div class=\"elementor-element elementor-element-091db44 elementor-icon-list--layout-traditional elementor-list-item-link-full_width elementor-widget elementor-widget-icon-list\" data-id=\"091db44\" data-element_type=\"widget\" data-widget_type=\"icon-list.default\">\n\t\t\t\t<div class=\"elementor-widget-container\">\n\t\t\t\t\t\t\t<ul class=\"elementor-icon-list-items\">\n\t\t\t\t\t\t\t<li class=\"elementor-icon-list-item\">\n\t\t\t\t\t\t\t\t\t\t\t<span class=\"elementor-icon-list-icon\">\n\t\t\t\t\t\t\t<i aria-hidden=\"true\" class=\"fas fa-chevron-circle-right\"><\/i>\t\t\t\t\t\t<\/span>\n\t\t\t\t\t\t\t\t\t\t<span class=\"elementor-icon-list-text\">SETORES ALVO<\/span>\n\t\t\t\t\t\t\t\t\t<\/li>\n\t\t\t\t\t\t<\/ul>\n\t\t\t\t\t\t<\/div>\n\t\t\t\t<\/div>\n\t\t\t\t<div class=\"elementor-element elementor-element-87c5a45 elementor-widget elementor-widget-text-editor\" data-id=\"87c5a45\" data-element_type=\"widget\" data-widget_type=\"text-editor.default\">\n\t\t\t\t<div class=\"elementor-widget-container\">\n\t\t\t\t\t\t\t\t\t<div><div>Startups que atuam em \u00e1reas com alto potencial de crescimento como energia, carbono, finan\u00e7as descentralizadas, tokeniza\u00e7\u00e3o de ativos, solu\u00e7\u00f5es para fintechs, neobanks, crowdfunding e pagamentos.<\/div><\/div>\t\t\t\t\t\t\t\t<\/div>\n\t\t\t\t<\/div>\n\t\t\t\t<div class=\"elementor-element elementor-element-23c7a4a elementor-icon-list--layout-traditional elementor-list-item-link-full_width elementor-widget elementor-widget-icon-list\" data-id=\"23c7a4a\" data-element_type=\"widget\" data-widget_type=\"icon-list.default\">\n\t\t\t\t<div class=\"elementor-widget-container\">\n\t\t\t\t\t\t\t<ul class=\"elementor-icon-list-items\">\n\t\t\t\t\t\t\t<li class=\"elementor-icon-list-item\">\n\t\t\t\t\t\t\t\t\t\t\t<span class=\"elementor-icon-list-icon\">\n\t\t\t\t\t\t\t<i aria-hidden=\"true\" class=\"fas fa-chevron-circle-right\"><\/i>\t\t\t\t\t\t<\/span>\n\t\t\t\t\t\t\t\t\t\t<span class=\"elementor-icon-list-text\">PORTFOLIO<\/span>\n\t\t\t\t\t\t\t\t\t<\/li>\n\t\t\t\t\t\t<\/ul>\n\t\t\t\t\t\t<\/div>\n\t\t\t\t<\/div>\n\t\t\t\t<div class=\"elementor-element elementor-element-cbcec42 elementor-widget elementor-widget-text-editor\" data-id=\"cbcec42\" data-element_type=\"widget\" data-widget_type=\"text-editor.default\">\n\t\t\t\t<div class=\"elementor-widget-container\">\n\t\t\t\t\t\t\t\t\t<p>Entre 5 e 10 empresas.<\/p>\t\t\t\t\t\t\t\t<\/div>\n\t\t\t\t<\/div>\n\t\t\t\t<div class=\"elementor-element elementor-element-b87d23a elementor-icon-list--layout-traditional elementor-list-item-link-full_width elementor-widget elementor-widget-icon-list\" data-id=\"b87d23a\" data-element_type=\"widget\" data-widget_type=\"icon-list.default\">\n\t\t\t\t<div class=\"elementor-widget-container\">\n\t\t\t\t\t\t\t<ul class=\"elementor-icon-list-items\">\n\t\t\t\t\t\t\t<li class=\"elementor-icon-list-item\">\n\t\t\t\t\t\t\t\t\t\t\t<span class=\"elementor-icon-list-icon\">\n\t\t\t\t\t\t\t<i aria-hidden=\"true\" class=\"fas fa-chevron-circle-right\"><\/i>\t\t\t\t\t\t<\/span>\n\t\t\t\t\t\t\t\t\t\t<span class=\"elementor-icon-list-text\">PERFIL DE INVESTIMENTO<\/span>\n\t\t\t\t\t\t\t\t\t<\/li>\n\t\t\t\t\t\t<\/ul>\n\t\t\t\t\t\t<\/div>\n\t\t\t\t<\/div>\n\t\t\t\t<div class=\"elementor-element elementor-element-351fddf elementor-widget elementor-widget-text-editor\" data-id=\"351fddf\" data-element_type=\"widget\" data-widget_type=\"text-editor.default\">\n\t\t\t\t<div class=\"elementor-widget-container\">\n\t\t\t\t\t\t\t\t\t<div>Minorit\u00e1rio (investimento CVC), Green Field ou Spin-off. Ticket m\u00e9dio: R$ 30 milh\u00f5es.<\/div>\t\t\t\t\t\t\t\t<\/div>\n\t\t\t\t<\/div>\n\t\t\t\t<div class=\"elementor-element elementor-element-bed06cc elementor-icon-list--layout-traditional elementor-list-item-link-full_width elementor-widget elementor-widget-icon-list\" data-id=\"bed06cc\" data-element_type=\"widget\" data-widget_type=\"icon-list.default\">\n\t\t\t\t<div class=\"elementor-widget-container\">\n\t\t\t\t\t\t\t<ul class=\"elementor-icon-list-items\">\n\t\t\t\t\t\t\t<li class=\"elementor-icon-list-item\">\n\t\t\t\t\t\t\t\t\t\t\t<span class=\"elementor-icon-list-icon\">\n\t\t\t\t\t\t\t<i aria-hidden=\"true\" class=\"fas fa-chevron-circle-right\"><\/i>\t\t\t\t\t\t<\/span>\n\t\t\t\t\t\t\t\t\t\t<span class=\"elementor-icon-list-text\">TAMANHO DO FUNDO<\/span>\n\t\t\t\t\t\t\t\t\t<\/li>\n\t\t\t\t\t\t<\/ul>\n\t\t\t\t\t\t<\/div>\n\t\t\t\t<\/div>\n\t\t\t\t<div class=\"elementor-element elementor-element-e1580c4 elementor-widget elementor-widget-text-editor\" data-id=\"e1580c4\" data-element_type=\"widget\" data-widget_type=\"text-editor.default\">\n\t\t\t\t<div class=\"elementor-widget-container\">\n\t\t\t\t\t\t\t\t\t<p>\u00a0R$ 600 Milh\u00f5es<\/p>\t\t\t\t\t\t\t\t<\/div>\n\t\t\t\t<\/div>\n\t\t\t\t<div class=\"elementor-element elementor-element-554efb4 elementor-icon-list--layout-traditional elementor-list-item-link-full_width elementor-widget elementor-widget-icon-list\" data-id=\"554efb4\" data-element_type=\"widget\" data-widget_type=\"icon-list.default\">\n\t\t\t\t<div class=\"elementor-widget-container\">\n\t\t\t\t\t\t\t<ul class=\"elementor-icon-list-items\">\n\t\t\t\t\t\t\t<li class=\"elementor-icon-list-item\">\n\t\t\t\t\t\t\t\t\t\t\t<span class=\"elementor-icon-list-icon\">\n\t\t\t\t\t\t\t<i aria-hidden=\"true\" class=\"fas fa-chevron-circle-right\"><\/i>\t\t\t\t\t\t<\/span>\n\t\t\t\t\t\t\t\t\t\t<span class=\"elementor-icon-list-text\">PRAZO DE VIDA DO FUNDO<\/span>\n\t\t\t\t\t\t\t\t\t<\/li>\n\t\t\t\t\t\t<\/ul>\n\t\t\t\t\t\t<\/div>\n\t\t\t\t<\/div>\n\t\t\t\t<div class=\"elementor-element elementor-element-4ff2a0c elementor-widget elementor-widget-text-editor\" data-id=\"4ff2a0c\" data-element_type=\"widget\" data-widget_type=\"text-editor.default\">\n\t\t\t\t<div class=\"elementor-widget-container\">\n\t\t\t\t\t\t\t\t\t<p>\u00a07 anos.<\/p>\t\t\t\t\t\t\t\t<\/div>\n\t\t\t\t<\/div>\n\t\t\t\t<div class=\"elementor-element elementor-element-740fe82 elementor-icon-list--layout-traditional elementor-list-item-link-full_width elementor-widget elementor-widget-icon-list\" data-id=\"740fe82\" data-element_type=\"widget\" data-widget_type=\"icon-list.default\">\n\t\t\t\t<div class=\"elementor-widget-container\">\n\t\t\t\t\t\t\t<ul class=\"elementor-icon-list-items\">\n\t\t\t\t\t\t\t<li class=\"elementor-icon-list-item\">\n\t\t\t\t\t\t\t\t\t\t\t<span class=\"elementor-icon-list-icon\">\n\t\t\t\t\t\t\t<i aria-hidden=\"true\" class=\"fas fa-chevron-circle-right\"><\/i>\t\t\t\t\t\t<\/span>\n\t\t\t\t\t\t\t\t\t\t<span class=\"elementor-icon-list-text\">INVESTIDORES<\/span>\n\t\t\t\t\t\t\t\t\t<\/li>\n\t\t\t\t\t\t<\/ul>\n\t\t\t\t\t\t<\/div>\n\t\t\t\t<\/div>\n\t\t\t\t<div class=\"elementor-element elementor-element-c0e018c elementor-widget elementor-widget-text-editor\" data-id=\"c0e018c\" data-element_type=\"widget\" data-widget_type=\"text-editor.default\">\n\t\t\t\t<div class=\"elementor-widget-container\">\n\t\t\t\t\t\t\t\t\t<p>B3 ( Exclusivo)<\/p>\t\t\t\t\t\t\t\t<\/div>\n\t\t\t\t<\/div>\n\t\t\t\t<div class=\"elementor-element elementor-element-fb1e2ec elementor-icon-list--layout-traditional elementor-list-item-link-full_width elementor-widget elementor-widget-icon-list\" data-id=\"fb1e2ec\" data-element_type=\"widget\" data-widget_type=\"icon-list.default\">\n\t\t\t\t<div class=\"elementor-widget-container\">\n\t\t\t\t\t\t\t<ul class=\"elementor-icon-list-items\">\n\t\t\t\t\t\t\t<li class=\"elementor-icon-list-item\">\n\t\t\t\t\t\t\t\t\t\t\t<span class=\"elementor-icon-list-icon\">\n\t\t\t\t\t\t\t<i aria-hidden=\"true\" class=\"fas fa-chevron-circle-right\"><\/i>\t\t\t\t\t\t<\/span>\n\t\t\t\t\t\t\t\t\t\t<span class=\"elementor-icon-list-text\">MODELO LEGAL<\/span>\n\t\t\t\t\t\t\t\t\t<\/li>\n\t\t\t\t\t\t<\/ul>\n\t\t\t\t\t\t<\/div>\n\t\t\t\t<\/div>\n\t\t\t\t<div class=\"elementor-element elementor-element-1f454c0 elementor-widget elementor-widget-text-editor\" data-id=\"1f454c0\" data-element_type=\"widget\" data-widget_type=\"text-editor.default\">\n\t\t\t\t<div class=\"elementor-widget-container\">\n\t\t\t\t\t\t\t\t\t<p>FIP Multiestrat\u00e9gia<\/p>\t\t\t\t\t\t\t\t<\/div>\n\t\t\t\t<\/div>\n\t\t\t\t\t<\/div>\n\t\t<\/div>\n\t\t\t\t\t<\/div>\n\t\t<\/section>\n\t\t\t\t<\/div>\n\t\t","protected":false},"excerpt":{"rendered":"<p>DESCRI\u00c7\u00c3O Lan\u00e7ado em maio de 2022, o fundo L4 Venture Builder ir\u00e1 destinar R$ 600 milh\u00f5es a neg\u00f3cios de inova\u00e7\u00e3o nos pr\u00f3ximos cinco anos, sem estabelecer um ticket m\u00ednimo ou uma quantidade de empresas a serem investidas. O ve\u00edculo de investimentos, capitalizado pela bolsa de&#8230;<\/p>\n","protected":false},"author":1,"featured_media":0,"parent":0,"menu_order":0,"comment_status":"closed","ping_status":"closed","template":"full_width.php","meta":{"footnotes":""},"class_list":["post-2338","page","type-page","status-publish","hentry"],"yoast_head":"<!-- This site is optimized with the Yoast SEO plugin v27.2 - https:\/\/yoast.com\/product\/yoast-seo-wordpress\/ -->\n<title>B3 - Valetec<\/title>\n<meta name=\"robots\" content=\"index, follow, max-snippet:-1, max-image-preview:large, max-video-preview:-1\" \/>\n<link rel=\"canonical\" href=\"https:\/\/valetec.com.br\/site\/b3\/\" \/>\n<meta property=\"og:locale\" content=\"pt_BR\" \/>\n<meta property=\"og:type\" content=\"article\" \/>\n<meta property=\"og:title\" content=\"B3 - Valetec\" \/>\n<meta property=\"og:description\" content=\"DESCRI\u00c7\u00c3O Lan\u00e7ado em maio de 2022, o fundo L4 Venture Builder ir\u00e1 destinar R$ 600 milh\u00f5es a neg\u00f3cios de inova\u00e7\u00e3o nos pr\u00f3ximos cinco anos, sem estabelecer um ticket m\u00ednimo ou uma quantidade de empresas a serem investidas. O ve\u00edculo de investimentos, capitalizado pela bolsa de...\" \/>\n<meta property=\"og:url\" content=\"https:\/\/valetec.com.br\/site\/b3\/\" \/>\n<meta property=\"og:site_name\" content=\"Valetec\" \/>\n<meta property=\"article:modified_time\" content=\"2023-09-20T19:24:31+00:00\" \/>\n<meta property=\"og:image\" content=\"https:\/\/valetec.com.br\/site\/wp-content\/uploads\/2023\/06\/b3.png\" \/>\n<meta name=\"twitter:card\" content=\"summary_large_image\" \/>\n<meta name=\"twitter:label1\" content=\"Est. tempo de leitura\" \/>\n\t<meta name=\"twitter:data1\" content=\"1 minuto\" \/>\n<script type=\"application\/ld+json\" class=\"yoast-schema-graph\">{\"@context\":\"https:\/\/schema.org\",\"@graph\":[{\"@type\":\"WebPage\",\"@id\":\"https:\/\/valetec.com.br\/site\/b3\/\",\"url\":\"https:\/\/valetec.com.br\/site\/b3\/\",\"name\":\"B3 - Valetec\",\"isPartOf\":{\"@id\":\"https:\/\/valetec.com.br\/site\/#website\"},\"primaryImageOfPage\":{\"@id\":\"https:\/\/valetec.com.br\/site\/b3\/#primaryimage\"},\"image\":{\"@id\":\"https:\/\/valetec.com.br\/site\/b3\/#primaryimage\"},\"thumbnailUrl\":\"https:\/\/valetec.com.br\/site\/wp-content\/uploads\/2023\/06\/b3.png\",\"datePublished\":\"2023-07-18T11:51:03+00:00\",\"dateModified\":\"2023-09-20T19:24:31+00:00\",\"breadcrumb\":{\"@id\":\"https:\/\/valetec.com.br\/site\/b3\/#breadcrumb\"},\"inLanguage\":\"pt-BR\",\"potentialAction\":[{\"@type\":\"ReadAction\",\"target\":[\"https:\/\/valetec.com.br\/site\/b3\/\"]}]},{\"@type\":\"ImageObject\",\"inLanguage\":\"pt-BR\",\"@id\":\"https:\/\/valetec.com.br\/site\/b3\/#primaryimage\",\"url\":\"https:\/\/valetec.com.br\/site\/wp-content\/uploads\/2023\/06\/b3.png\",\"contentUrl\":\"https:\/\/valetec.com.br\/site\/wp-content\/uploads\/2023\/06\/b3.png\",\"width\":500,\"height\":232},{\"@type\":\"BreadcrumbList\",\"@id\":\"https:\/\/valetec.com.br\/site\/b3\/#breadcrumb\",\"itemListElement\":[{\"@type\":\"ListItem\",\"position\":1,\"name\":\"In\u00edcio\",\"item\":\"https:\/\/valetec.com.br\/site\/\"},{\"@type\":\"ListItem\",\"position\":2,\"name\":\"B3\"}]},{\"@type\":\"WebSite\",\"@id\":\"https:\/\/valetec.com.br\/site\/#website\",\"url\":\"https:\/\/valetec.com.br\/site\/\",\"name\":\"Valetec\",\"description\":\"Investimentos sob medida para sua estrat\u00e9gia\",\"publisher\":{\"@id\":\"https:\/\/valetec.com.br\/site\/#organization\"},\"potentialAction\":[{\"@type\":\"SearchAction\",\"target\":{\"@type\":\"EntryPoint\",\"urlTemplate\":\"https:\/\/valetec.com.br\/site\/?s={search_term_string}\"},\"query-input\":{\"@type\":\"PropertyValueSpecification\",\"valueRequired\":true,\"valueName\":\"search_term_string\"}}],\"inLanguage\":\"pt-BR\"},{\"@type\":\"Organization\",\"@id\":\"https:\/\/valetec.com.br\/site\/#organization\",\"name\":\"Valetec\",\"url\":\"https:\/\/valetec.com.br\/site\/\",\"logo\":{\"@type\":\"ImageObject\",\"inLanguage\":\"pt-BR\",\"@id\":\"https:\/\/valetec.com.br\/site\/#\/schema\/logo\/image\/\",\"url\":\"https:\/\/valetec.com.br\/site\/wp-content\/uploads\/2023\/04\/logovaltec.png\",\"contentUrl\":\"https:\/\/valetec.com.br\/site\/wp-content\/uploads\/2023\/04\/logovaltec.png\",\"width\":843,\"height\":240,\"caption\":\"Valetec\"},\"image\":{\"@id\":\"https:\/\/valetec.com.br\/site\/#\/schema\/logo\/image\/\"}}]}<\/script>\n<!-- \/ Yoast SEO plugin. -->","yoast_head_json":{"title":"B3 - Valetec","robots":{"index":"index","follow":"follow","max-snippet":"max-snippet:-1","max-image-preview":"max-image-preview:large","max-video-preview":"max-video-preview:-1"},"canonical":"https:\/\/valetec.com.br\/site\/b3\/","og_locale":"pt_BR","og_type":"article","og_title":"B3 - Valetec","og_description":"DESCRI\u00c7\u00c3O Lan\u00e7ado em maio de 2022, o fundo L4 Venture Builder ir\u00e1 destinar R$ 600 milh\u00f5es a neg\u00f3cios de inova\u00e7\u00e3o nos pr\u00f3ximos cinco anos, sem estabelecer um ticket m\u00ednimo ou uma quantidade de empresas a serem investidas. O ve\u00edculo de investimentos, capitalizado pela bolsa de...","og_url":"https:\/\/valetec.com.br\/site\/b3\/","og_site_name":"Valetec","article_modified_time":"2023-09-20T19:24:31+00:00","og_image":[{"url":"https:\/\/valetec.com.br\/site\/wp-content\/uploads\/2023\/06\/b3.png","type":"","width":"","height":""}],"twitter_card":"summary_large_image","twitter_misc":{"Est. tempo de leitura":"1 minuto"},"schema":{"@context":"https:\/\/schema.org","@graph":[{"@type":"WebPage","@id":"https:\/\/valetec.com.br\/site\/b3\/","url":"https:\/\/valetec.com.br\/site\/b3\/","name":"B3 - Valetec","isPartOf":{"@id":"https:\/\/valetec.com.br\/site\/#website"},"primaryImageOfPage":{"@id":"https:\/\/valetec.com.br\/site\/b3\/#primaryimage"},"image":{"@id":"https:\/\/valetec.com.br\/site\/b3\/#primaryimage"},"thumbnailUrl":"https:\/\/valetec.com.br\/site\/wp-content\/uploads\/2023\/06\/b3.png","datePublished":"2023-07-18T11:51:03+00:00","dateModified":"2023-09-20T19:24:31+00:00","breadcrumb":{"@id":"https:\/\/valetec.com.br\/site\/b3\/#breadcrumb"},"inLanguage":"pt-BR","potentialAction":[{"@type":"ReadAction","target":["https:\/\/valetec.com.br\/site\/b3\/"]}]},{"@type":"ImageObject","inLanguage":"pt-BR","@id":"https:\/\/valetec.com.br\/site\/b3\/#primaryimage","url":"https:\/\/valetec.com.br\/site\/wp-content\/uploads\/2023\/06\/b3.png","contentUrl":"https:\/\/valetec.com.br\/site\/wp-content\/uploads\/2023\/06\/b3.png","width":500,"height":232},{"@type":"BreadcrumbList","@id":"https:\/\/valetec.com.br\/site\/b3\/#breadcrumb","itemListElement":[{"@type":"ListItem","position":1,"name":"In\u00edcio","item":"https:\/\/valetec.com.br\/site\/"},{"@type":"ListItem","position":2,"name":"B3"}]},{"@type":"WebSite","@id":"https:\/\/valetec.com.br\/site\/#website","url":"https:\/\/valetec.com.br\/site\/","name":"Valetec","description":"Investimentos sob medida para sua estrat\u00e9gia","publisher":{"@id":"https:\/\/valetec.com.br\/site\/#organization"},"potentialAction":[{"@type":"SearchAction","target":{"@type":"EntryPoint","urlTemplate":"https:\/\/valetec.com.br\/site\/?s={search_term_string}"},"query-input":{"@type":"PropertyValueSpecification","valueRequired":true,"valueName":"search_term_string"}}],"inLanguage":"pt-BR"},{"@type":"Organization","@id":"https:\/\/valetec.com.br\/site\/#organization","name":"Valetec","url":"https:\/\/valetec.com.br\/site\/","logo":{"@type":"ImageObject","inLanguage":"pt-BR","@id":"https:\/\/valetec.com.br\/site\/#\/schema\/logo\/image\/","url":"https:\/\/valetec.com.br\/site\/wp-content\/uploads\/2023\/04\/logovaltec.png","contentUrl":"https:\/\/valetec.com.br\/site\/wp-content\/uploads\/2023\/04\/logovaltec.png","width":843,"height":240,"caption":"Valetec"},"image":{"@id":"https:\/\/valetec.com.br\/site\/#\/schema\/logo\/image\/"}}]}},"_links":{"self":[{"href":"https:\/\/valetec.com.br\/site\/wp-json\/wp\/v2\/pages\/2338","targetHints":{"allow":["GET"]}}],"collection":[{"href":"https:\/\/valetec.com.br\/site\/wp-json\/wp\/v2\/pages"}],"about":[{"href":"https:\/\/valetec.com.br\/site\/wp-json\/wp\/v2\/types\/page"}],"author":[{"embeddable":true,"href":"https:\/\/valetec.com.br\/site\/wp-json\/wp\/v2\/users\/1"}],"replies":[{"embeddable":true,"href":"https:\/\/valetec.com.br\/site\/wp-json\/wp\/v2\/comments?post=2338"}],"version-history":[{"count":25,"href":"https:\/\/valetec.com.br\/site\/wp-json\/wp\/v2\/pages\/2338\/revisions"}],"predecessor-version":[{"id":2759,"href":"https:\/\/valetec.com.br\/site\/wp-json\/wp\/v2\/pages\/2338\/revisions\/2759"}],"wp:attachment":[{"href":"https:\/\/valetec.com.br\/site\/wp-json\/wp\/v2\/media?parent=2338"}],"curies":[{"name":"wp","href":"https:\/\/api.w.org\/{rel}","templated":true}]}}