{"id":1832,"date":"2023-07-13T18:51:21","date_gmt":"2023-07-13T18:51:21","guid":{"rendered":"https:\/\/valetec.com.br\/site?page_id=1832"},"modified":"2023-09-20T11:31:22","modified_gmt":"2023-09-20T14:31:22","slug":"noticias","status":"publish","type":"page","link":"https:\/\/valetec.com.br\/site\/noticias\/","title":{"rendered":"Not\u00edcias"},"content":{"rendered":"\t\t<div data-elementor-type=\"wp-page\" data-elementor-id=\"1832\" class=\"elementor elementor-1832\">\n\t\t\t\t\t\t<section class=\"elementor-section elementor-top-section elementor-element elementor-element-cf8aa09 elementor-section-boxed elementor-section-height-default elementor-section-height-default parallax_section_no qode_elementor_container_no\" data-id=\"cf8aa09\" data-element_type=\"section\">\n\t\t\t\t\t\t<div class=\"elementor-container elementor-column-gap-default\">\n\t\t\t\t\t<div class=\"elementor-column elementor-col-100 elementor-top-column elementor-element elementor-element-967ac6b\" data-id=\"967ac6b\" data-element_type=\"column\">\n\t\t\t<div class=\"elementor-widget-wrap elementor-element-populated\">\n\t\t\t\t\t\t<div class=\"elementor-element elementor-element-032c0d0 elementor-widget elementor-widget-qi_addons_for_elementor_blog_list\" data-id=\"032c0d0\" data-element_type=\"widget\" data-widget_type=\"qi_addons_for_elementor_blog_list.default\">\n\t\t\t\t<div class=\"elementor-widget-container\">\n\t\t\t\t\t<div class=\"qodef-shortcode qodef-m qodef-addons-blog-list qodef-info-no-icons qodef-image--hover-zoom qodef-qi-grid qodef-layout--qi-masonry qodef-col-num--2 qodef-item-layout--boxed qodef-responsive--predefined\" >\n\t<div class=\"qodef-grid-inner\">\n\t\t\t<div class=\"qodef-qi-grid-masonry-sizer\"><\/div>\n<article class=\"qodef-e qodef-blog-item qodef-grid-item post-1501 post type-post status-publish format-standard has-post-thumbnail hentry category-blog category-noticias\">\n\t<div class=\"qodef-e-inner\">\n\t\t<div class=\"qodef-e-media-holder\">\n\t\t\t<div class=\"qodef-e-media\">\n\t\t<div class=\"qodef-e-media-image\">\n\t\t<a itemprop=\"url\" href=\"https:\/\/valetec.com.br\/site\/fundo-gerido-pela-valetec-capital-investe-em-startup-da-industria-4-0-com-potencial-de-transformacao\/\">\n\t\t\t<img fetchpriority=\"high\" decoding=\"async\" width=\"900\" height=\"400\" src=\"https:\/\/valetec.com.br\/site\/wp-content\/uploads\/2023\/06\/acolab-valetec.png\" class=\"attachment- size-\" alt=\"Fundo gerido pela Valetec Capital investe em startup da ind\u00fastria 4.0 com potencial de transforma\u00e7\u00e3o\" srcset=\"https:\/\/valetec.com.br\/site\/wp-content\/uploads\/2023\/06\/acolab-valetec.png 900w, https:\/\/valetec.com.br\/site\/wp-content\/uploads\/2023\/06\/acolab-valetec-300x133.png 300w, https:\/\/valetec.com.br\/site\/wp-content\/uploads\/2023\/06\/acolab-valetec-768x341.png 768w, https:\/\/valetec.com.br\/site\/wp-content\/uploads\/2023\/06\/acolab-valetec-700x311.png 700w\" sizes=\"(max-width: 900px) 100vw, 900px\" \/>\t\t<\/a>\n\t\t\t<\/div>\n<\/div>\n\t\t<\/div>\n\t\t<div class=\"qodef-e-content\">\n\t\t\t\t\t\t<div class=\"qodef-e-text\">\n\t\t\t\t<h6 itemprop=\"name\" class=\"qodef-e-title entry-title\">\n\t<a itemprop=\"url\" class=\"qodef-e-title-link\" href=\"https:\/\/valetec.com.br\/site\/fundo-gerido-pela-valetec-capital-investe-em-startup-da-industria-4-0-com-potencial-de-transformacao\/\">\n\t\tFundo gerido pela Valetec Capital investe em startup da ind\u00fastria 4.0 com potencial de transforma\u00e7\u00e3o\t<\/a>\n<\/h6>\n\t\t<p itemprop=\"description\" class=\"qodef-e-excerpt\">\n\t\t\tA A\u00e7olab Ventures, um fundo de Corporate Venture Capital (CVC) ligado \u00e0 ArcelorMittal e gerido pela Valetec Capital, realizou recentemente um investimento estrat\u00e9gico na startup\t\t<\/p>\n\t\t\t\t<\/div>\n\t\t\t\t\t\t\t<div class=\"qodef-e-info qodef-info--bottom\">\n\t\t\t\t\t\t<div class=\"qodef-e-read-more\">\n\t\t<a class=\"qodef-shortcode qodef-m qodef-qi-button qodef-html--link qodef-layout--filled qodef-type--standard qodef-icon--right qodef-hover--icon-move-horizontal-short\" href=\"https:\/\/valetec.com.br\/site\/fundo-gerido-pela-valetec-capital-investe-em-startup-da-industria-4-0-com-potencial-de-transformacao\/\" target=\"_self\">\t<span class=\"qodef-m-text\">Saber mais<\/span>\t<\/a>\t<\/div>\n\t\t\t\t<\/div>\n\t\t\t\t\t<\/div>\n\t<\/div>\n<\/article>\n<article class=\"qodef-e qodef-blog-item qodef-grid-item post-1498 post type-post status-publish format-standard has-post-thumbnail hentry category-blog category-noticias\">\n\t<div class=\"qodef-e-inner\">\n\t\t<div class=\"qodef-e-media-holder\">\n\t\t\t<div class=\"qodef-e-media\">\n\t\t<div class=\"qodef-e-media-image\">\n\t\t<a itemprop=\"url\" href=\"https:\/\/valetec.com.br\/site\/cvc-consultoria-especializada-para-impulsionar-a-inovacao\/\">\n\t\t\t<img decoding=\"async\" width=\"900\" height=\"400\" src=\"https:\/\/valetec.com.br\/site\/wp-content\/uploads\/2023\/06\/consultoria-cvc-valetec.jpg\" class=\"attachment- size-\" alt=\"\" srcset=\"https:\/\/valetec.com.br\/site\/wp-content\/uploads\/2023\/06\/consultoria-cvc-valetec.jpg 900w, https:\/\/valetec.com.br\/site\/wp-content\/uploads\/2023\/06\/consultoria-cvc-valetec-300x133.jpg 300w, https:\/\/valetec.com.br\/site\/wp-content\/uploads\/2023\/06\/consultoria-cvc-valetec-768x341.jpg 768w, https:\/\/valetec.com.br\/site\/wp-content\/uploads\/2023\/06\/consultoria-cvc-valetec-700x311.jpg 700w\" sizes=\"(max-width: 900px) 100vw, 900px\" \/>\t\t<\/a>\n\t\t\t<\/div>\n<\/div>\n\t\t<\/div>\n\t\t<div class=\"qodef-e-content\">\n\t\t\t\t\t\t<div class=\"qodef-e-text\">\n\t\t\t\t<h6 itemprop=\"name\" class=\"qodef-e-title entry-title\">\n\t<a itemprop=\"url\" class=\"qodef-e-title-link\" href=\"https:\/\/valetec.com.br\/site\/cvc-consultoria-especializada-para-impulsionar-a-inovacao\/\">\n\t\tCVC: Consultoria Especializada para Impulsionar a Inova\u00e7\u00e3o\t<\/a>\n<\/h6>\n\t\t<p itemprop=\"description\" class=\"qodef-e-excerpt\">\n\t\t\tAs startups est\u00e3o cada vez mais impulsionando a inova\u00e7\u00e3o e criando solu\u00e7\u00f5es eficientes em diversas \u00e1reas. Com 11.562 empresas ativas no Brasil, de acordo com um levantamento\t\t<\/p>\n\t\t\t\t<\/div>\n\t\t\t\t\t\t\t<div class=\"qodef-e-info qodef-info--bottom\">\n\t\t\t\t\t\t<div class=\"qodef-e-read-more\">\n\t\t<a class=\"qodef-shortcode qodef-m qodef-qi-button qodef-html--link qodef-layout--filled qodef-type--standard qodef-icon--right qodef-hover--icon-move-horizontal-short\" href=\"https:\/\/valetec.com.br\/site\/cvc-consultoria-especializada-para-impulsionar-a-inovacao\/\" target=\"_self\">\t<span class=\"qodef-m-text\">Saber mais<\/span>\t<\/a>\t<\/div>\n\t\t\t\t<\/div>\n\t\t\t\t\t<\/div>\n\t<\/div>\n<\/article>\n<article class=\"qodef-e qodef-blog-item qodef-grid-item post-1495 post type-post status-publish format-standard has-post-thumbnail hentry category-blog category-noticias\">\n\t<div class=\"qodef-e-inner\">\n\t\t<div class=\"qodef-e-media-holder\">\n\t\t\t<div class=\"qodef-e-media\">\n\t\t<div class=\"qodef-e-media-image\">\n\t\t<a itemprop=\"url\" href=\"https:\/\/valetec.com.br\/site\/cvc-se-destaca-como-meio-de-investimento-em-startups-no-brasil\/\">\n\t\t\t<img decoding=\"async\" width=\"900\" height=\"400\" src=\"https:\/\/valetec.com.br\/site\/wp-content\/uploads\/2023\/06\/cvc-valetec-importancia.jpg\" class=\"attachment- size-\" alt=\"\" srcset=\"https:\/\/valetec.com.br\/site\/wp-content\/uploads\/2023\/06\/cvc-valetec-importancia.jpg 900w, https:\/\/valetec.com.br\/site\/wp-content\/uploads\/2023\/06\/cvc-valetec-importancia-300x133.jpg 300w, https:\/\/valetec.com.br\/site\/wp-content\/uploads\/2023\/06\/cvc-valetec-importancia-768x341.jpg 768w, https:\/\/valetec.com.br\/site\/wp-content\/uploads\/2023\/06\/cvc-valetec-importancia-700x311.jpg 700w\" sizes=\"(max-width: 900px) 100vw, 900px\" \/>\t\t<\/a>\n\t\t\t<\/div>\n<\/div>\n\t\t<\/div>\n\t\t<div class=\"qodef-e-content\">\n\t\t\t\t\t\t<div class=\"qodef-e-text\">\n\t\t\t\t<h6 itemprop=\"name\" class=\"qodef-e-title entry-title\">\n\t<a itemprop=\"url\" class=\"qodef-e-title-link\" href=\"https:\/\/valetec.com.br\/site\/cvc-se-destaca-como-meio-de-investimento-em-startups-no-brasil\/\">\n\t\tCVC se destaca como meio de investimento em startups no Brasil\t<\/a>\n<\/h6>\n\t\t<p itemprop=\"description\" class=\"qodef-e-excerpt\">\n\t\t\tO mercado de startups no Brasil est\u00e1 em ascens\u00e3o, com um total de 11.562 startups ativas no pa\u00eds, de acordo com um levantamento recente da Cortex. O setor de Tecnologia da Infor\t\t<\/p>\n\t\t\t\t<\/div>\n\t\t\t\t\t\t\t<div class=\"qodef-e-info qodef-info--bottom\">\n\t\t\t\t\t\t<div class=\"qodef-e-read-more\">\n\t\t<a class=\"qodef-shortcode qodef-m qodef-qi-button qodef-html--link qodef-layout--filled qodef-type--standard qodef-icon--right qodef-hover--icon-move-horizontal-short\" href=\"https:\/\/valetec.com.br\/site\/cvc-se-destaca-como-meio-de-investimento-em-startups-no-brasil\/\" target=\"_self\">\t<span class=\"qodef-m-text\">Saber mais<\/span>\t<\/a>\t<\/div>\n\t\t\t\t<\/div>\n\t\t\t\t\t<\/div>\n\t<\/div>\n<\/article>\n<article class=\"qodef-e qodef-blog-item qodef-grid-item post-1492 post type-post status-publish format-standard has-post-thumbnail hentry category-blog category-noticias\">\n\t<div class=\"qodef-e-inner\">\n\t\t<div class=\"qodef-e-media-holder\">\n\t\t\t<div class=\"qodef-e-media\">\n\t\t<div class=\"qodef-e-media-image\">\n\t\t<a itemprop=\"url\" href=\"https:\/\/valetec.com.br\/site\/cvc-as-a-service-impulsionando-a-inovacao-corporativa\/\">\n\t\t\t<img loading=\"lazy\" decoding=\"async\" width=\"900\" height=\"400\" src=\"https:\/\/valetec.com.br\/site\/wp-content\/uploads\/2023\/06\/Design-sem-nome.jpg\" class=\"attachment- size-\" alt=\"\" srcset=\"https:\/\/valetec.com.br\/site\/wp-content\/uploads\/2023\/06\/Design-sem-nome.jpg 900w, https:\/\/valetec.com.br\/site\/wp-content\/uploads\/2023\/06\/Design-sem-nome-300x133.jpg 300w, https:\/\/valetec.com.br\/site\/wp-content\/uploads\/2023\/06\/Design-sem-nome-768x341.jpg 768w, https:\/\/valetec.com.br\/site\/wp-content\/uploads\/2023\/06\/Design-sem-nome-700x311.jpg 700w\" sizes=\"(max-width: 900px) 100vw, 900px\" \/>\t\t<\/a>\n\t\t\t<\/div>\n<\/div>\n\t\t<\/div>\n\t\t<div class=\"qodef-e-content\">\n\t\t\t\t\t\t<div class=\"qodef-e-text\">\n\t\t\t\t<h6 itemprop=\"name\" class=\"qodef-e-title entry-title\">\n\t<a itemprop=\"url\" class=\"qodef-e-title-link\" href=\"https:\/\/valetec.com.br\/site\/cvc-as-a-service-impulsionando-a-inovacao-corporativa\/\">\n\t\tCVC as a Service: impulsionando a inova\u00e7\u00e3o corporativa\t<\/a>\n<\/h6>\n\t\t<p itemprop=\"description\" class=\"qodef-e-excerpt\">\n\t\t\tVoc\u00ea j\u00e1 ouviu falar em &#8220;CVC as a Service&#8221; (CVC como servi\u00e7o)? Esse modelo tem ganhado for\u00e7a no Brasil e pode ser a chave para impulsionar a inova\u00e7\u00e3o corporativa.\t\t<\/p>\n\t\t\t\t<\/div>\n\t\t\t\t\t\t\t<div class=\"qodef-e-info qodef-info--bottom\">\n\t\t\t\t\t\t<div class=\"qodef-e-read-more\">\n\t\t<a class=\"qodef-shortcode qodef-m qodef-qi-button qodef-html--link qodef-layout--filled qodef-type--standard qodef-icon--right qodef-hover--icon-move-horizontal-short\" href=\"https:\/\/valetec.com.br\/site\/cvc-as-a-service-impulsionando-a-inovacao-corporativa\/\" target=\"_self\">\t<span class=\"qodef-m-text\">Saber mais<\/span>\t<\/a>\t<\/div>\n\t\t\t\t<\/div>\n\t\t\t\t\t<\/div>\n\t<\/div>\n<\/article>\n<article class=\"qodef-e qodef-blog-item qodef-grid-item post-1483 post type-post status-publish format-standard has-post-thumbnail hentry category-blog category-noticias\">\n\t<div class=\"qodef-e-inner\">\n\t\t<div class=\"qodef-e-media-holder\">\n\t\t\t<div class=\"qodef-e-media\">\n\t\t<div class=\"qodef-e-media-image\">\n\t\t<a itemprop=\"url\" href=\"https:\/\/valetec.com.br\/site\/como-a-valetec-auxilia-empresas-e-startups-por-meio-da-gestao-de-fundos-de-cvc\/\">\n\t\t\t<img loading=\"lazy\" decoding=\"async\" width=\"900\" height=\"400\" src=\"https:\/\/valetec.com.br\/site\/wp-content\/uploads\/2023\/06\/como-a-valetec-auxilia-empresas-e-startups-por-meio-da-gestao-de-fundos-de-CVC.jpg\" class=\"attachment- size-\" alt=\"\" srcset=\"https:\/\/valetec.com.br\/site\/wp-content\/uploads\/2023\/06\/como-a-valetec-auxilia-empresas-e-startups-por-meio-da-gestao-de-fundos-de-CVC.jpg 900w, https:\/\/valetec.com.br\/site\/wp-content\/uploads\/2023\/06\/como-a-valetec-auxilia-empresas-e-startups-por-meio-da-gestao-de-fundos-de-CVC-300x133.jpg 300w, https:\/\/valetec.com.br\/site\/wp-content\/uploads\/2023\/06\/como-a-valetec-auxilia-empresas-e-startups-por-meio-da-gestao-de-fundos-de-CVC-768x341.jpg 768w, https:\/\/valetec.com.br\/site\/wp-content\/uploads\/2023\/06\/como-a-valetec-auxilia-empresas-e-startups-por-meio-da-gestao-de-fundos-de-CVC-700x311.jpg 700w\" sizes=\"(max-width: 900px) 100vw, 900px\" \/>\t\t<\/a>\n\t\t\t<\/div>\n<\/div>\n\t\t<\/div>\n\t\t<div class=\"qodef-e-content\">\n\t\t\t\t\t\t<div class=\"qodef-e-text\">\n\t\t\t\t<h6 itemprop=\"name\" class=\"qodef-e-title entry-title\">\n\t<a itemprop=\"url\" class=\"qodef-e-title-link\" href=\"https:\/\/valetec.com.br\/site\/como-a-valetec-auxilia-empresas-e-startups-por-meio-da-gestao-de-fundos-de-cvc\/\">\n\t\tComo a Valetec auxilia empresas e startups por meio da gest\u00e3o de fundos de CVC?\t<\/a>\n<\/h6>\n\t\t<p itemprop=\"description\" class=\"qodef-e-excerpt\">\n\t\t\t\u00a0No mercado atual, as estrat\u00e9gias de inova\u00e7\u00e3o e investimento em startups t\u00eam se mostrado fundamentais para o sucesso das empresas. Nesse contexto, a Valetec Capital tem se des\t\t<\/p>\n\t\t\t\t<\/div>\n\t\t\t\t\t\t\t<div class=\"qodef-e-info qodef-info--bottom\">\n\t\t\t\t\t\t<div class=\"qodef-e-read-more\">\n\t\t<a class=\"qodef-shortcode qodef-m qodef-qi-button qodef-html--link qodef-layout--filled qodef-type--standard qodef-icon--right qodef-hover--icon-move-horizontal-short\" href=\"https:\/\/valetec.com.br\/site\/como-a-valetec-auxilia-empresas-e-startups-por-meio-da-gestao-de-fundos-de-cvc\/\" target=\"_self\">\t<span class=\"qodef-m-text\">Saber mais<\/span>\t<\/a>\t<\/div>\n\t\t\t\t<\/div>\n\t\t\t\t\t<\/div>\n\t<\/div>\n<\/article>\n\t<\/div>\n\t<\/div>\n\t\t\t\t<\/div>\n\t\t\t\t<\/div>\n\t\t\t\t\t<\/div>\n\t\t<\/div>\n\t\t\t\t\t<\/div>\n\t\t<\/section>\n\t\t\t\t<\/div>\n\t\t","protected":false},"excerpt":{"rendered":"<p>Fundo gerido pela Valetec Capital investe em startup da ind\u00fastria 4.0 com potencial de transforma\u00e7\u00e3o A A\u00e7olab Ventures, um fundo de Corporate Venture Capital (CVC) ligado \u00e0 ArcelorMittal e gerido pela Valetec Capital, realizou recentemente um investimento estrat\u00e9gico na startup Saber mais CVC: Consultoria Especializada&#8230;<\/p>\n","protected":false},"author":1,"featured_media":0,"parent":0,"menu_order":0,"comment_status":"closed","ping_status":"closed","template":"","meta":{"footnotes":""},"class_list":["post-1832","page","type-page","status-publish","hentry"],"yoast_head":"<!-- This site is optimized with the Yoast SEO plugin v27.2 - https:\/\/yoast.com\/product\/yoast-seo-wordpress\/ -->\n<title>Not\u00edcias - Valetec<\/title>\n<meta name=\"robots\" content=\"index, follow, max-snippet:-1, max-image-preview:large, max-video-preview:-1\" \/>\n<link rel=\"canonical\" href=\"https:\/\/valetec.com.br\/site\/noticias\/\" \/>\n<meta property=\"og:locale\" content=\"pt_BR\" \/>\n<meta property=\"og:type\" content=\"article\" \/>\n<meta property=\"og:title\" content=\"Not\u00edcias - Valetec\" \/>\n<meta property=\"og:description\" content=\"Fundo gerido pela Valetec Capital investe em startup da ind\u00fastria 4.0 com potencial de transforma\u00e7\u00e3o A A\u00e7olab Ventures, um fundo de Corporate Venture Capital (CVC) ligado \u00e0 ArcelorMittal e gerido pela Valetec Capital, realizou recentemente um investimento estrat\u00e9gico na startup Saber mais CVC: Consultoria Especializada...\" \/>\n<meta property=\"og:url\" content=\"https:\/\/valetec.com.br\/site\/noticias\/\" \/>\n<meta property=\"og:site_name\" content=\"Valetec\" \/>\n<meta property=\"article:modified_time\" content=\"2023-09-20T14:31:22+00:00\" \/>\n<meta property=\"og:image\" content=\"https:\/\/valetec.com.br\/sitewp-content\/uploads\/2023\/06\/cvc-fundo.jpg\" \/>\n<meta name=\"twitter:card\" content=\"summary_large_image\" \/>\n<meta name=\"twitter:label1\" content=\"Est. tempo de leitura\" \/>\n\t<meta name=\"twitter:data1\" content=\"1 minuto\" \/>\n<script type=\"application\/ld+json\" class=\"yoast-schema-graph\">{\"@context\":\"https:\/\/schema.org\",\"@graph\":[{\"@type\":\"WebPage\",\"@id\":\"https:\/\/valetec.com.br\/site\/noticias\/\",\"url\":\"https:\/\/valetec.com.br\/site\/noticias\/\",\"name\":\"Not\u00edcias - Valetec\",\"isPartOf\":{\"@id\":\"https:\/\/valetec.com.br\/site\/#website\"},\"primaryImageOfPage\":{\"@id\":\"https:\/\/valetec.com.br\/site\/noticias\/#primaryimage\"},\"image\":{\"@id\":\"https:\/\/valetec.com.br\/site\/noticias\/#primaryimage\"},\"thumbnailUrl\":\"https:\/\/valetec.com.br\/sitewp-content\/uploads\/2023\/06\/cvc-fundo.jpg\",\"datePublished\":\"2023-07-13T18:51:21+00:00\",\"dateModified\":\"2023-09-20T14:31:22+00:00\",\"breadcrumb\":{\"@id\":\"https:\/\/valetec.com.br\/site\/noticias\/#breadcrumb\"},\"inLanguage\":\"pt-BR\",\"potentialAction\":[{\"@type\":\"ReadAction\",\"target\":[\"https:\/\/valetec.com.br\/site\/noticias\/\"]}]},{\"@type\":\"ImageObject\",\"inLanguage\":\"pt-BR\",\"@id\":\"https:\/\/valetec.com.br\/site\/noticias\/#primaryimage\",\"url\":\"https:\/\/valetec.com.br\/sitewp-content\/uploads\/2023\/06\/cvc-fundo.jpg\",\"contentUrl\":\"https:\/\/valetec.com.br\/sitewp-content\/uploads\/2023\/06\/cvc-fundo.jpg\"},{\"@type\":\"BreadcrumbList\",\"@id\":\"https:\/\/valetec.com.br\/site\/noticias\/#breadcrumb\",\"itemListElement\":[{\"@type\":\"ListItem\",\"position\":1,\"name\":\"In\u00edcio\",\"item\":\"https:\/\/valetec.com.br\/site\/\"},{\"@type\":\"ListItem\",\"position\":2,\"name\":\"Not\u00edcias\"}]},{\"@type\":\"WebSite\",\"@id\":\"https:\/\/valetec.com.br\/site\/#website\",\"url\":\"https:\/\/valetec.com.br\/site\/\",\"name\":\"Valetec\",\"description\":\"Investimentos sob medida para sua estrat\u00e9gia\",\"publisher\":{\"@id\":\"https:\/\/valetec.com.br\/site\/#organization\"},\"potentialAction\":[{\"@type\":\"SearchAction\",\"target\":{\"@type\":\"EntryPoint\",\"urlTemplate\":\"https:\/\/valetec.com.br\/site\/?s={search_term_string}\"},\"query-input\":{\"@type\":\"PropertyValueSpecification\",\"valueRequired\":true,\"valueName\":\"search_term_string\"}}],\"inLanguage\":\"pt-BR\"},{\"@type\":\"Organization\",\"@id\":\"https:\/\/valetec.com.br\/site\/#organization\",\"name\":\"Valetec\",\"url\":\"https:\/\/valetec.com.br\/site\/\",\"logo\":{\"@type\":\"ImageObject\",\"inLanguage\":\"pt-BR\",\"@id\":\"https:\/\/valetec.com.br\/site\/#\/schema\/logo\/image\/\",\"url\":\"https:\/\/valetec.com.br\/site\/wp-content\/uploads\/2023\/04\/logovaltec.png\",\"contentUrl\":\"https:\/\/valetec.com.br\/site\/wp-content\/uploads\/2023\/04\/logovaltec.png\",\"width\":843,\"height\":240,\"caption\":\"Valetec\"},\"image\":{\"@id\":\"https:\/\/valetec.com.br\/site\/#\/schema\/logo\/image\/\"}}]}<\/script>\n<!-- \/ Yoast SEO plugin. -->","yoast_head_json":{"title":"Not\u00edcias - Valetec","robots":{"index":"index","follow":"follow","max-snippet":"max-snippet:-1","max-image-preview":"max-image-preview:large","max-video-preview":"max-video-preview:-1"},"canonical":"https:\/\/valetec.com.br\/site\/noticias\/","og_locale":"pt_BR","og_type":"article","og_title":"Not\u00edcias - Valetec","og_description":"Fundo gerido pela Valetec Capital investe em startup da ind\u00fastria 4.0 com potencial de transforma\u00e7\u00e3o A A\u00e7olab Ventures, um fundo de Corporate Venture Capital (CVC) ligado \u00e0 ArcelorMittal e gerido pela Valetec Capital, realizou recentemente um investimento estrat\u00e9gico na startup Saber mais CVC: Consultoria Especializada...","og_url":"https:\/\/valetec.com.br\/site\/noticias\/","og_site_name":"Valetec","article_modified_time":"2023-09-20T14:31:22+00:00","og_image":[{"url":"https:\/\/valetec.com.br\/sitewp-content\/uploads\/2023\/06\/cvc-fundo.jpg","type":"","width":"","height":""}],"twitter_card":"summary_large_image","twitter_misc":{"Est. tempo de leitura":"1 minuto"},"schema":{"@context":"https:\/\/schema.org","@graph":[{"@type":"WebPage","@id":"https:\/\/valetec.com.br\/site\/noticias\/","url":"https:\/\/valetec.com.br\/site\/noticias\/","name":"Not\u00edcias - Valetec","isPartOf":{"@id":"https:\/\/valetec.com.br\/site\/#website"},"primaryImageOfPage":{"@id":"https:\/\/valetec.com.br\/site\/noticias\/#primaryimage"},"image":{"@id":"https:\/\/valetec.com.br\/site\/noticias\/#primaryimage"},"thumbnailUrl":"https:\/\/valetec.com.br\/sitewp-content\/uploads\/2023\/06\/cvc-fundo.jpg","datePublished":"2023-07-13T18:51:21+00:00","dateModified":"2023-09-20T14:31:22+00:00","breadcrumb":{"@id":"https:\/\/valetec.com.br\/site\/noticias\/#breadcrumb"},"inLanguage":"pt-BR","potentialAction":[{"@type":"ReadAction","target":["https:\/\/valetec.com.br\/site\/noticias\/"]}]},{"@type":"ImageObject","inLanguage":"pt-BR","@id":"https:\/\/valetec.com.br\/site\/noticias\/#primaryimage","url":"https:\/\/valetec.com.br\/sitewp-content\/uploads\/2023\/06\/cvc-fundo.jpg","contentUrl":"https:\/\/valetec.com.br\/sitewp-content\/uploads\/2023\/06\/cvc-fundo.jpg"},{"@type":"BreadcrumbList","@id":"https:\/\/valetec.com.br\/site\/noticias\/#breadcrumb","itemListElement":[{"@type":"ListItem","position":1,"name":"In\u00edcio","item":"https:\/\/valetec.com.br\/site\/"},{"@type":"ListItem","position":2,"name":"Not\u00edcias"}]},{"@type":"WebSite","@id":"https:\/\/valetec.com.br\/site\/#website","url":"https:\/\/valetec.com.br\/site\/","name":"Valetec","description":"Investimentos sob medida para sua estrat\u00e9gia","publisher":{"@id":"https:\/\/valetec.com.br\/site\/#organization"},"potentialAction":[{"@type":"SearchAction","target":{"@type":"EntryPoint","urlTemplate":"https:\/\/valetec.com.br\/site\/?s={search_term_string}"},"query-input":{"@type":"PropertyValueSpecification","valueRequired":true,"valueName":"search_term_string"}}],"inLanguage":"pt-BR"},{"@type":"Organization","@id":"https:\/\/valetec.com.br\/site\/#organization","name":"Valetec","url":"https:\/\/valetec.com.br\/site\/","logo":{"@type":"ImageObject","inLanguage":"pt-BR","@id":"https:\/\/valetec.com.br\/site\/#\/schema\/logo\/image\/","url":"https:\/\/valetec.com.br\/site\/wp-content\/uploads\/2023\/04\/logovaltec.png","contentUrl":"https:\/\/valetec.com.br\/site\/wp-content\/uploads\/2023\/04\/logovaltec.png","width":843,"height":240,"caption":"Valetec"},"image":{"@id":"https:\/\/valetec.com.br\/site\/#\/schema\/logo\/image\/"}}]}},"_links":{"self":[{"href":"https:\/\/valetec.com.br\/site\/wp-json\/wp\/v2\/pages\/1832","targetHints":{"allow":["GET"]}}],"collection":[{"href":"https:\/\/valetec.com.br\/site\/wp-json\/wp\/v2\/pages"}],"about":[{"href":"https:\/\/valetec.com.br\/site\/wp-json\/wp\/v2\/types\/page"}],"author":[{"embeddable":true,"href":"https:\/\/valetec.com.br\/site\/wp-json\/wp\/v2\/users\/1"}],"replies":[{"embeddable":true,"href":"https:\/\/valetec.com.br\/site\/wp-json\/wp\/v2\/comments?post=1832"}],"version-history":[{"count":20,"href":"https:\/\/valetec.com.br\/site\/wp-json\/wp\/v2\/pages\/1832\/revisions"}],"predecessor-version":[{"id":2417,"href":"https:\/\/valetec.com.br\/site\/wp-json\/wp\/v2\/pages\/1832\/revisions\/2417"}],"wp:attachment":[{"href":"https:\/\/valetec.com.br\/site\/wp-json\/wp\/v2\/media?parent=1832"}],"curies":[{"name":"wp","href":"https:\/\/api.w.org\/{rel}","templated":true}]}}