{"id":1299,"date":"2023-06-07T12:30:22","date_gmt":"2023-06-07T12:30:22","guid":{"rendered":"https:\/\/valetec.com.br\/site?page_id=1299"},"modified":"2024-09-11T17:51:36","modified_gmt":"2024-09-11T20:51:36","slug":"fundo-anima","status":"publish","type":"page","link":"https:\/\/valetec.com.br\/site\/fundo-anima\/","title":{"rendered":"Anima"},"content":{"rendered":"\t\t<div data-elementor-type=\"wp-page\" data-elementor-id=\"1299\" class=\"elementor elementor-1299\">\n\t\t\t\t\t\t<section class=\"elementor-section elementor-top-section elementor-element elementor-element-036d2f0 elementor-section-boxed elementor-section-height-default elementor-section-height-default parallax_section_no qode_elementor_container_no\" data-id=\"036d2f0\" data-element_type=\"section\" data-settings=\"{&quot;background_background&quot;:&quot;gradient&quot;}\">\n\t\t\t\t\t\t<div class=\"elementor-container elementor-column-gap-default\">\n\t\t\t\t\t<div class=\"elementor-column elementor-col-50 elementor-top-column elementor-element elementor-element-a6de8d7\" data-id=\"a6de8d7\" data-element_type=\"column\">\n\t\t\t<div class=\"elementor-widget-wrap elementor-element-populated\">\n\t\t\t\t\t\t<div class=\"elementor-element elementor-element-e7b0321 elementor-widget elementor-widget-image\" data-id=\"e7b0321\" data-element_type=\"widget\" data-widget_type=\"image.default\">\n\t\t\t\t<div class=\"elementor-widget-container\">\n\t\t\t\t\t\t\t\t\t\t\t\t\t\t\t<img decoding=\"async\" width=\"250\" height=\"100\" src=\"https:\/\/valetec.com.br\/site\/wp-content\/uploads\/2023\/05\/2-2.png\" class=\"attachment-large size-large wp-image-828\" alt=\"\" \/>\t\t\t\t\t\t\t\t\t\t\t\t\t\t\t<\/div>\n\t\t\t\t<\/div>\n\t\t\t\t<div class=\"elementor-element elementor-element-c98d9b5 elementor-icon-list--layout-traditional elementor-list-item-link-full_width elementor-widget elementor-widget-icon-list\" data-id=\"c98d9b5\" data-element_type=\"widget\" data-widget_type=\"icon-list.default\">\n\t\t\t\t<div class=\"elementor-widget-container\">\n\t\t\t\t\t\t\t<ul class=\"elementor-icon-list-items\">\n\t\t\t\t\t\t\t<li class=\"elementor-icon-list-item\">\n\t\t\t\t\t\t\t\t\t\t\t<span class=\"elementor-icon-list-icon\">\n\t\t\t\t\t\t\t<i aria-hidden=\"true\" class=\"fas fa-chevron-circle-right\"><\/i>\t\t\t\t\t\t<\/span>\n\t\t\t\t\t\t\t\t\t\t<span class=\"elementor-icon-list-text\">DESCRI\u00c7\u00c3O<\/span>\n\t\t\t\t\t\t\t\t\t<\/li>\n\t\t\t\t\t\t<\/ul>\n\t\t\t\t\t\t<\/div>\n\t\t\t\t<\/div>\n\t\t\t\t<div class=\"elementor-element elementor-element-24b1fc4 elementor-widget elementor-widget-text-editor\" data-id=\"24b1fc4\" data-element_type=\"widget\" data-widget_type=\"text-editor.default\">\n\t\t\t\t<div class=\"elementor-widget-container\">\n\t\t\t\t\t\t\t\t\tO \u00c2nima Ventures \u00e9 o fundo de investimento da \u00c2nima Educa\u00e7\u00e3o que tem como objetivo impulsionar o crescimento e desenvolvimento de startups inovadoras no setor educacional. O Fundo foi lan\u00e7ado em maio de 2022 e ir\u00e1 destinar R$ 100 milh\u00f5es a neg\u00f3cio de inova\u00e7\u00e3o pelos pr\u00f3ximos 4 anos.\n\nFocamos principalmente no ensino superior, reconhecendo sua import\u00e2ncia crucial para o progresso acad\u00eamico e profissional dos estudantes. Buscamos investir em startups em est\u00e1gios iniciais, que estejam passando por rodadas de financiamento seed e series A, a fim de apoiar empreendedores vision\u00e1rios que est\u00e3o transformando positivamente a experi\u00eancia educacional. Nossas teses de investimento est\u00e3o alinhadas com as tend\u00eancias emergentes e desafios enfrentados pelo setor, concentrando-se em \u00e1reas como aprendizado ao longo da vida, experi\u00eancia comunit\u00e1ria e plataforma.\t\t\t\t\t\t\t\t<\/div>\n\t\t\t\t<\/div>\n\t\t\t\t<div class=\"elementor-element elementor-element-52d0db0 elementor-widget elementor-widget-spacer\" data-id=\"52d0db0\" data-element_type=\"widget\" data-widget_type=\"spacer.default\">\n\t\t\t\t<div class=\"elementor-widget-container\">\n\t\t\t\t\t\t\t<div class=\"elementor-spacer\">\n\t\t\t<div class=\"elementor-spacer-inner\"><\/div>\n\t\t<\/div>\n\t\t\t\t\t\t<\/div>\n\t\t\t\t<\/div>\n\t\t\t\t\t<\/div>\n\t\t<\/div>\n\t\t\t\t<div class=\"elementor-column elementor-col-50 elementor-top-column elementor-element elementor-element-ae8f179\" data-id=\"ae8f179\" data-element_type=\"column\" data-settings=\"{&quot;background_background&quot;:&quot;classic&quot;}\">\n\t\t\t<div class=\"elementor-widget-wrap elementor-element-populated\">\n\t\t\t\t\t\t<div class=\"elementor-element elementor-element-81438ca elementor-icon-list--layout-traditional elementor-list-item-link-full_width elementor-widget elementor-widget-icon-list\" data-id=\"81438ca\" data-element_type=\"widget\" data-widget_type=\"icon-list.default\">\n\t\t\t\t<div class=\"elementor-widget-container\">\n\t\t\t\t\t\t\t<ul class=\"elementor-icon-list-items\">\n\t\t\t\t\t\t\t<li class=\"elementor-icon-list-item\">\n\t\t\t\t\t\t\t\t\t\t\t<span class=\"elementor-icon-list-icon\">\n\t\t\t\t\t\t\t<i aria-hidden=\"true\" class=\"fas fa-chevron-circle-right\"><\/i>\t\t\t\t\t\t<\/span>\n\t\t\t\t\t\t\t\t\t\t<span class=\"elementor-icon-list-text\">DOCUMENTA\u00c7\u00c3O<\/span>\n\t\t\t\t\t\t\t\t\t<\/li>\n\t\t\t\t\t\t<\/ul>\n\t\t\t\t\t\t<\/div>\n\t\t\t\t<\/div>\n\t\t\t\t<div class=\"elementor-element elementor-element-00fae4c elementor-icon-list--layout-traditional elementor-list-item-link-full_width elementor-widget elementor-widget-icon-list\" data-id=\"00fae4c\" data-element_type=\"widget\" data-widget_type=\"icon-list.default\">\n\t\t\t\t<div class=\"elementor-widget-container\">\n\t\t\t\t\t\t\t<ul class=\"elementor-icon-list-items\">\n\t\t\t\t\t\t\t<li class=\"elementor-icon-list-item\">\n\t\t\t\t\t\t\t\t\t\t\t<a href=\"https:\/\/valetec.com.br\/site\/wp-content\/uploads\/2024\/09\/Regulamento_Anima_Venture_-_Responsabilidade_limitada_27082024_v._limpa_assinado-1.pdf\" target=\"_blank\">\n\n\t\t\t\t\t\t\t\t\t\t\t\t<span class=\"elementor-icon-list-icon\">\n\t\t\t\t\t\t\t<i aria-hidden=\"true\" class=\"far fa-file-alt\"><\/i>\t\t\t\t\t\t<\/span>\n\t\t\t\t\t\t\t\t\t\t<span class=\"elementor-icon-list-text\">REGULAMENTO<\/span>\n\t\t\t\t\t\t\t\t\t\t\t<\/a>\n\t\t\t\t\t\t\t\t\t<\/li>\n\t\t\t\t\t\t<\/ul>\n\t\t\t\t\t\t<\/div>\n\t\t\t\t<\/div>\n\t\t\t\t<div class=\"elementor-element elementor-element-158f32d elementor-icon-list--layout-traditional elementor-list-item-link-full_width elementor-widget elementor-widget-icon-list\" data-id=\"158f32d\" data-element_type=\"widget\" data-widget_type=\"icon-list.default\">\n\t\t\t\t<div class=\"elementor-widget-container\">\n\t\t\t\t\t\t\t<ul class=\"elementor-icon-list-items\">\n\t\t\t\t\t\t\t<li class=\"elementor-icon-list-item\">\n\t\t\t\t\t\t\t\t\t\t\t<span class=\"elementor-icon-list-icon\">\n\t\t\t\t\t\t\t<i aria-hidden=\"true\" class=\"fas fa-chevron-circle-right\"><\/i>\t\t\t\t\t\t<\/span>\n\t\t\t\t\t\t\t\t\t\t<span class=\"elementor-icon-list-text\">LOCALIZA\u00c7\u00c3O<\/span>\n\t\t\t\t\t\t\t\t\t<\/li>\n\t\t\t\t\t\t<\/ul>\n\t\t\t\t\t\t<\/div>\n\t\t\t\t<\/div>\n\t\t\t\t<div class=\"elementor-element elementor-element-6a96ce3 elementor-widget elementor-widget-text-editor\" data-id=\"6a96ce3\" data-element_type=\"widget\" data-widget_type=\"text-editor.default\">\n\t\t\t\t<div class=\"elementor-widget-container\">\n\t\t\t\t\t\t\t\t\tBrasil, com possibilidade de investir em outros pa\u00edses sem\nrestri\u00e7\u00e3o.\t\t\t\t\t\t\t\t<\/div>\n\t\t\t\t<\/div>\n\t\t\t\t<div class=\"elementor-element elementor-element-7784a19 elementor-icon-list--layout-traditional elementor-list-item-link-full_width elementor-widget elementor-widget-icon-list\" data-id=\"7784a19\" data-element_type=\"widget\" data-widget_type=\"icon-list.default\">\n\t\t\t\t<div class=\"elementor-widget-container\">\n\t\t\t\t\t\t\t<ul class=\"elementor-icon-list-items\">\n\t\t\t\t\t\t\t<li class=\"elementor-icon-list-item\">\n\t\t\t\t\t\t\t\t\t\t\t<span class=\"elementor-icon-list-icon\">\n\t\t\t\t\t\t\t<i aria-hidden=\"true\" class=\"fas fa-chevron-circle-right\"><\/i>\t\t\t\t\t\t<\/span>\n\t\t\t\t\t\t\t\t\t\t<span class=\"elementor-icon-list-text\">EMPRESAS ALVO<\/span>\n\t\t\t\t\t\t\t\t\t<\/li>\n\t\t\t\t\t\t<\/ul>\n\t\t\t\t\t\t<\/div>\n\t\t\t\t<\/div>\n\t\t\t\t<div class=\"elementor-element elementor-element-b8c52bf elementor-widget elementor-widget-text-editor\" data-id=\"b8c52bf\" data-element_type=\"widget\" data-widget_type=\"text-editor.default\">\n\t\t\t\t<div class=\"elementor-widget-container\">\n\t\t\t\t\t\t\t\t\tStartups inovadoras com potencial de ajudar os neg\u00f3cios dos clientes \u00c2nima a nascerem e prosperarem por meio do uso da tecnologia. Ainda, startups que possam antecipar novas tend\u00eancias &#038; substitui\u00e7\u00e3o tecnol\u00f3gica ou agregar novos neg\u00f3cios, produtos ou servi\u00e7os.\t\t\t\t\t\t\t\t<\/div>\n\t\t\t\t<\/div>\n\t\t\t\t<div class=\"elementor-element elementor-element-091db44 elementor-icon-list--layout-traditional elementor-list-item-link-full_width elementor-widget elementor-widget-icon-list\" data-id=\"091db44\" data-element_type=\"widget\" data-widget_type=\"icon-list.default\">\n\t\t\t\t<div class=\"elementor-widget-container\">\n\t\t\t\t\t\t\t<ul class=\"elementor-icon-list-items\">\n\t\t\t\t\t\t\t<li class=\"elementor-icon-list-item\">\n\t\t\t\t\t\t\t\t\t\t\t<span class=\"elementor-icon-list-icon\">\n\t\t\t\t\t\t\t<i aria-hidden=\"true\" class=\"fas fa-chevron-circle-right\"><\/i>\t\t\t\t\t\t<\/span>\n\t\t\t\t\t\t\t\t\t\t<span class=\"elementor-icon-list-text\">SETORES ALVO<\/span>\n\t\t\t\t\t\t\t\t\t<\/li>\n\t\t\t\t\t\t<\/ul>\n\t\t\t\t\t\t<\/div>\n\t\t\t\t<\/div>\n\t\t\t\t<div class=\"elementor-element elementor-element-1f6c5f2 elementor-widget elementor-widget-text-editor\" data-id=\"1f6c5f2\" data-element_type=\"widget\" data-widget_type=\"text-editor.default\">\n\t\t\t\t<div class=\"elementor-widget-container\">\n\t\t\t\t\t\t\t\t\tTransversal, permeando setores que permitam empresas a entrar e operar no ambiente digital, tais como: Pagamentos, Marketing, Produtividade, e-commerce, entre outros.\t\t\t\t\t\t\t\t<\/div>\n\t\t\t\t<\/div>\n\t\t\t\t<div class=\"elementor-element elementor-element-ecfc4c4 elementor-icon-list--layout-traditional elementor-list-item-link-full_width elementor-widget elementor-widget-icon-list\" data-id=\"ecfc4c4\" data-element_type=\"widget\" data-widget_type=\"icon-list.default\">\n\t\t\t\t<div class=\"elementor-widget-container\">\n\t\t\t\t\t\t\t<ul class=\"elementor-icon-list-items\">\n\t\t\t\t\t\t\t<li class=\"elementor-icon-list-item\">\n\t\t\t\t\t\t\t\t\t\t\t<span class=\"elementor-icon-list-icon\">\n\t\t\t\t\t\t\t<i aria-hidden=\"true\" class=\"fas fa-chevron-circle-right\"><\/i>\t\t\t\t\t\t<\/span>\n\t\t\t\t\t\t\t\t\t\t<span class=\"elementor-icon-list-text\">\u00c1REAS DE INTERESSE<\/span>\n\t\t\t\t\t\t\t\t\t<\/li>\n\t\t\t\t\t\t<\/ul>\n\t\t\t\t\t\t<\/div>\n\t\t\t\t<\/div>\n\t\t\t\t<div class=\"elementor-element elementor-element-c65727b elementor-widget elementor-widget-text-editor\" data-id=\"c65727b\" data-element_type=\"widget\" data-widget_type=\"text-editor.default\">\n\t\t\t\t<div class=\"elementor-widget-container\">\n\t\t\t\t\t\t\t\t\t<p>&#8211; Lifelong Learning<\/p><p>&#8211; Experiencia do aluno, professores e educadores<\/p><p>&#8211; Acesso (onboarding)<\/p><p>&#8211; Fintechs Educacionais<\/p><p>&#8211; Comunidade<\/p><p>&#8211; Marketplace\u00a0<\/p>\t\t\t\t\t\t\t\t<\/div>\n\t\t\t\t<\/div>\n\t\t\t\t<div class=\"elementor-element elementor-element-23c7a4a elementor-icon-list--layout-traditional elementor-list-item-link-full_width elementor-widget elementor-widget-icon-list\" data-id=\"23c7a4a\" data-element_type=\"widget\" data-widget_type=\"icon-list.default\">\n\t\t\t\t<div class=\"elementor-widget-container\">\n\t\t\t\t\t\t\t<ul class=\"elementor-icon-list-items\">\n\t\t\t\t\t\t\t<li class=\"elementor-icon-list-item\">\n\t\t\t\t\t\t\t\t\t\t\t<span class=\"elementor-icon-list-icon\">\n\t\t\t\t\t\t\t<i aria-hidden=\"true\" class=\"fas fa-chevron-circle-right\"><\/i>\t\t\t\t\t\t<\/span>\n\t\t\t\t\t\t\t\t\t\t<span class=\"elementor-icon-list-text\">PORTFOLIO<\/span>\n\t\t\t\t\t\t\t\t\t<\/li>\n\t\t\t\t\t\t<\/ul>\n\t\t\t\t\t\t<\/div>\n\t\t\t\t<\/div>\n\t\t\t\t<div class=\"elementor-element elementor-element-10140b5 elementor-widget elementor-widget-text-editor\" data-id=\"10140b5\" data-element_type=\"widget\" data-widget_type=\"text-editor.default\">\n\t\t\t\t<div class=\"elementor-widget-container\">\n\t\t\t\t\t\t\t\t\tEntre 8 a 10 empresas\t\t\t\t\t\t\t\t<\/div>\n\t\t\t\t<\/div>\n\t\t\t\t<div class=\"elementor-element elementor-element-b87d23a elementor-icon-list--layout-traditional elementor-list-item-link-full_width elementor-widget elementor-widget-icon-list\" data-id=\"b87d23a\" data-element_type=\"widget\" data-widget_type=\"icon-list.default\">\n\t\t\t\t<div class=\"elementor-widget-container\">\n\t\t\t\t\t\t\t<ul class=\"elementor-icon-list-items\">\n\t\t\t\t\t\t\t<li class=\"elementor-icon-list-item\">\n\t\t\t\t\t\t\t\t\t\t\t<span class=\"elementor-icon-list-icon\">\n\t\t\t\t\t\t\t<i aria-hidden=\"true\" class=\"fas fa-chevron-circle-right\"><\/i>\t\t\t\t\t\t<\/span>\n\t\t\t\t\t\t\t\t\t\t<span class=\"elementor-icon-list-text\">PERFIL DE INVESTIMENTO<\/span>\n\t\t\t\t\t\t\t\t\t<\/li>\n\t\t\t\t\t\t<\/ul>\n\t\t\t\t\t\t<\/div>\n\t\t\t\t<\/div>\n\t\t\t\t<div class=\"elementor-element elementor-element-1262790 elementor-widget elementor-widget-text-editor\" data-id=\"1262790\" data-element_type=\"widget\" data-widget_type=\"text-editor.default\">\n\t\t\t\t<div class=\"elementor-widget-container\">\n\t\t\t\t\t\t\t\t\tSeed e S\u00e9rie A (aportes entre R$ 5 MM a R$ 10MM por empresa)\t\t\t\t\t\t\t\t<\/div>\n\t\t\t\t<\/div>\n\t\t\t\t<div class=\"elementor-element elementor-element-bed06cc elementor-icon-list--layout-traditional elementor-list-item-link-full_width elementor-widget elementor-widget-icon-list\" data-id=\"bed06cc\" data-element_type=\"widget\" data-widget_type=\"icon-list.default\">\n\t\t\t\t<div class=\"elementor-widget-container\">\n\t\t\t\t\t\t\t<ul class=\"elementor-icon-list-items\">\n\t\t\t\t\t\t\t<li class=\"elementor-icon-list-item\">\n\t\t\t\t\t\t\t\t\t\t\t<span class=\"elementor-icon-list-icon\">\n\t\t\t\t\t\t\t<i aria-hidden=\"true\" class=\"fas fa-chevron-circle-right\"><\/i>\t\t\t\t\t\t<\/span>\n\t\t\t\t\t\t\t\t\t\t<span class=\"elementor-icon-list-text\">TAMANHO DO FUNDO<\/span>\n\t\t\t\t\t\t\t\t\t<\/li>\n\t\t\t\t\t\t<\/ul>\n\t\t\t\t\t\t<\/div>\n\t\t\t\t<\/div>\n\t\t\t\t<div class=\"elementor-element elementor-element-8760b20 elementor-widget elementor-widget-text-editor\" data-id=\"8760b20\" data-element_type=\"widget\" data-widget_type=\"text-editor.default\">\n\t\t\t\t<div class=\"elementor-widget-container\">\n\t\t\t\t\t\t\t\t\tR$ 100 milh\u00f5es\t\t\t\t\t\t\t\t<\/div>\n\t\t\t\t<\/div>\n\t\t\t\t<div class=\"elementor-element elementor-element-554efb4 elementor-icon-list--layout-traditional elementor-list-item-link-full_width elementor-widget elementor-widget-icon-list\" data-id=\"554efb4\" data-element_type=\"widget\" data-widget_type=\"icon-list.default\">\n\t\t\t\t<div class=\"elementor-widget-container\">\n\t\t\t\t\t\t\t<ul class=\"elementor-icon-list-items\">\n\t\t\t\t\t\t\t<li class=\"elementor-icon-list-item\">\n\t\t\t\t\t\t\t\t\t\t\t<span class=\"elementor-icon-list-icon\">\n\t\t\t\t\t\t\t<i aria-hidden=\"true\" class=\"fas fa-chevron-circle-right\"><\/i>\t\t\t\t\t\t<\/span>\n\t\t\t\t\t\t\t\t\t\t<span class=\"elementor-icon-list-text\">PRAZO DE VIDA DO FUNDO<\/span>\n\t\t\t\t\t\t\t\t\t<\/li>\n\t\t\t\t\t\t<\/ul>\n\t\t\t\t\t\t<\/div>\n\t\t\t\t<\/div>\n\t\t\t\t<div class=\"elementor-element elementor-element-cd612cf elementor-widget elementor-widget-text-editor\" data-id=\"cd612cf\" data-element_type=\"widget\" data-widget_type=\"text-editor.default\">\n\t\t\t\t<div class=\"elementor-widget-container\">\n\t\t\t\t\t\t\t\t\t8 Anos (4 investimento + 4 desinvestimento);\t\t\t\t\t\t\t\t<\/div>\n\t\t\t\t<\/div>\n\t\t\t\t<div class=\"elementor-element elementor-element-740fe82 elementor-icon-list--layout-traditional elementor-list-item-link-full_width elementor-widget elementor-widget-icon-list\" data-id=\"740fe82\" data-element_type=\"widget\" data-widget_type=\"icon-list.default\">\n\t\t\t\t<div class=\"elementor-widget-container\">\n\t\t\t\t\t\t\t<ul class=\"elementor-icon-list-items\">\n\t\t\t\t\t\t\t<li class=\"elementor-icon-list-item\">\n\t\t\t\t\t\t\t\t\t\t\t<span class=\"elementor-icon-list-icon\">\n\t\t\t\t\t\t\t<i aria-hidden=\"true\" class=\"fas fa-chevron-circle-right\"><\/i>\t\t\t\t\t\t<\/span>\n\t\t\t\t\t\t\t\t\t\t<span class=\"elementor-icon-list-text\">INVESTIDORES<\/span>\n\t\t\t\t\t\t\t\t\t<\/li>\n\t\t\t\t\t\t<\/ul>\n\t\t\t\t\t\t<\/div>\n\t\t\t\t<\/div>\n\t\t\t\t<div class=\"elementor-element elementor-element-43532ea elementor-widget elementor-widget-text-editor\" data-id=\"43532ea\" data-element_type=\"widget\" data-widget_type=\"text-editor.default\">\n\t\t\t\t<div class=\"elementor-widget-container\">\n\t\t\t\t\t\t\t\t\t\u00c2nima (Exclusivo)\t\t\t\t\t\t\t\t<\/div>\n\t\t\t\t<\/div>\n\t\t\t\t<div class=\"elementor-element elementor-element-fb1e2ec elementor-icon-list--layout-traditional elementor-list-item-link-full_width elementor-widget elementor-widget-icon-list\" data-id=\"fb1e2ec\" data-element_type=\"widget\" data-widget_type=\"icon-list.default\">\n\t\t\t\t<div class=\"elementor-widget-container\">\n\t\t\t\t\t\t\t<ul class=\"elementor-icon-list-items\">\n\t\t\t\t\t\t\t<li class=\"elementor-icon-list-item\">\n\t\t\t\t\t\t\t\t\t\t\t<span class=\"elementor-icon-list-icon\">\n\t\t\t\t\t\t\t<i aria-hidden=\"true\" class=\"fas fa-chevron-circle-right\"><\/i>\t\t\t\t\t\t<\/span>\n\t\t\t\t\t\t\t\t\t\t<span class=\"elementor-icon-list-text\">MODELO LEGAL<\/span>\n\t\t\t\t\t\t\t\t\t<\/li>\n\t\t\t\t\t\t<\/ul>\n\t\t\t\t\t\t<\/div>\n\t\t\t\t<\/div>\n\t\t\t\t<div class=\"elementor-element elementor-element-f9a58b8 elementor-widget elementor-widget-text-editor\" data-id=\"f9a58b8\" data-element_type=\"widget\" data-widget_type=\"text-editor.default\">\n\t\t\t\t<div class=\"elementor-widget-container\">\n\t\t\t\t\t\t\t\t\t<p>FIP Multiestrat\u00e9gia IE \u2013 ICVM 578. Possui o mais elevado<br \/>padr\u00e3o de governan\u00e7a e compliance, seguindo as regras<br \/>da CVM. E protege os investidores\/cotistas contra<br \/>responsabilidade\/liability.<\/p>\t\t\t\t\t\t\t\t<\/div>\n\t\t\t\t<\/div>\n\t\t\t\t\t<\/div>\n\t\t<\/div>\n\t\t\t\t\t<\/div>\n\t\t<\/section>\n\t\t\t\t<\/div>\n\t\t","protected":false},"excerpt":{"rendered":"<p>DESCRI\u00c7\u00c3O O \u00c2nima Ventures \u00e9 o fundo de investimento da \u00c2nima Educa\u00e7\u00e3o que tem como objetivo impulsionar o crescimento e desenvolvimento de startups inovadoras no setor educacional. O Fundo foi lan\u00e7ado em maio de 2022 e ir\u00e1 destinar R$ 100 milh\u00f5es a neg\u00f3cio de inova\u00e7\u00e3o&#8230;<\/p>\n","protected":false},"author":1,"featured_media":0,"parent":0,"menu_order":0,"comment_status":"closed","ping_status":"closed","template":"full_width.php","meta":{"footnotes":""},"class_list":["post-1299","page","type-page","status-publish","hentry"],"yoast_head":"<!-- This site is optimized with the Yoast SEO plugin v27.2 - https:\/\/yoast.com\/product\/yoast-seo-wordpress\/ -->\n<title>Anima - Valetec<\/title>\n<meta name=\"robots\" content=\"index, follow, max-snippet:-1, max-image-preview:large, max-video-preview:-1\" \/>\n<link rel=\"canonical\" href=\"https:\/\/valetec.com.br\/site\/fundo-anima\/\" \/>\n<meta property=\"og:locale\" content=\"pt_BR\" \/>\n<meta property=\"og:type\" content=\"article\" \/>\n<meta property=\"og:title\" content=\"Anima - Valetec\" \/>\n<meta property=\"og:description\" content=\"DESCRI\u00c7\u00c3O O \u00c2nima Ventures \u00e9 o fundo de investimento da \u00c2nima Educa\u00e7\u00e3o que tem como objetivo impulsionar o crescimento e desenvolvimento de startups inovadoras no setor educacional. O Fundo foi lan\u00e7ado em maio de 2022 e ir\u00e1 destinar R$ 100 milh\u00f5es a neg\u00f3cio de inova\u00e7\u00e3o...\" \/>\n<meta property=\"og:url\" content=\"https:\/\/valetec.com.br\/site\/fundo-anima\/\" \/>\n<meta property=\"og:site_name\" content=\"Valetec\" \/>\n<meta property=\"article:modified_time\" content=\"2024-09-11T20:51:36+00:00\" \/>\n<meta property=\"og:image\" content=\"https:\/\/valetec.com.br\/site\/wp-content\/uploads\/2023\/05\/2-2.png\" \/>\n<meta name=\"twitter:card\" content=\"summary_large_image\" \/>\n<meta name=\"twitter:label1\" content=\"Est. tempo de leitura\" \/>\n\t<meta name=\"twitter:data1\" content=\"2 minutos\" \/>\n<script type=\"application\/ld+json\" class=\"yoast-schema-graph\">{\"@context\":\"https:\/\/schema.org\",\"@graph\":[{\"@type\":\"WebPage\",\"@id\":\"https:\/\/valetec.com.br\/site\/fundo-anima\/\",\"url\":\"https:\/\/valetec.com.br\/site\/fundo-anima\/\",\"name\":\"Anima - Valetec\",\"isPartOf\":{\"@id\":\"https:\/\/valetec.com.br\/site\/#website\"},\"primaryImageOfPage\":{\"@id\":\"https:\/\/valetec.com.br\/site\/fundo-anima\/#primaryimage\"},\"image\":{\"@id\":\"https:\/\/valetec.com.br\/site\/fundo-anima\/#primaryimage\"},\"thumbnailUrl\":\"https:\/\/valetec.com.br\/site\/wp-content\/uploads\/2023\/05\/2-2.png\",\"datePublished\":\"2023-06-07T12:30:22+00:00\",\"dateModified\":\"2024-09-11T20:51:36+00:00\",\"breadcrumb\":{\"@id\":\"https:\/\/valetec.com.br\/site\/fundo-anima\/#breadcrumb\"},\"inLanguage\":\"pt-BR\",\"potentialAction\":[{\"@type\":\"ReadAction\",\"target\":[\"https:\/\/valetec.com.br\/site\/fundo-anima\/\"]}]},{\"@type\":\"ImageObject\",\"inLanguage\":\"pt-BR\",\"@id\":\"https:\/\/valetec.com.br\/site\/fundo-anima\/#primaryimage\",\"url\":\"https:\/\/valetec.com.br\/site\/wp-content\/uploads\/2023\/05\/2-2.png\",\"contentUrl\":\"https:\/\/valetec.com.br\/site\/wp-content\/uploads\/2023\/05\/2-2.png\",\"width\":250,\"height\":100},{\"@type\":\"BreadcrumbList\",\"@id\":\"https:\/\/valetec.com.br\/site\/fundo-anima\/#breadcrumb\",\"itemListElement\":[{\"@type\":\"ListItem\",\"position\":1,\"name\":\"In\u00edcio\",\"item\":\"https:\/\/valetec.com.br\/site\/\"},{\"@type\":\"ListItem\",\"position\":2,\"name\":\"Anima\"}]},{\"@type\":\"WebSite\",\"@id\":\"https:\/\/valetec.com.br\/site\/#website\",\"url\":\"https:\/\/valetec.com.br\/site\/\",\"name\":\"Valetec\",\"description\":\"Investimentos sob medida para sua estrat\u00e9gia\",\"publisher\":{\"@id\":\"https:\/\/valetec.com.br\/site\/#organization\"},\"potentialAction\":[{\"@type\":\"SearchAction\",\"target\":{\"@type\":\"EntryPoint\",\"urlTemplate\":\"https:\/\/valetec.com.br\/site\/?s={search_term_string}\"},\"query-input\":{\"@type\":\"PropertyValueSpecification\",\"valueRequired\":true,\"valueName\":\"search_term_string\"}}],\"inLanguage\":\"pt-BR\"},{\"@type\":\"Organization\",\"@id\":\"https:\/\/valetec.com.br\/site\/#organization\",\"name\":\"Valetec\",\"url\":\"https:\/\/valetec.com.br\/site\/\",\"logo\":{\"@type\":\"ImageObject\",\"inLanguage\":\"pt-BR\",\"@id\":\"https:\/\/valetec.com.br\/site\/#\/schema\/logo\/image\/\",\"url\":\"https:\/\/valetec.com.br\/site\/wp-content\/uploads\/2023\/04\/logovaltec.png\",\"contentUrl\":\"https:\/\/valetec.com.br\/site\/wp-content\/uploads\/2023\/04\/logovaltec.png\",\"width\":843,\"height\":240,\"caption\":\"Valetec\"},\"image\":{\"@id\":\"https:\/\/valetec.com.br\/site\/#\/schema\/logo\/image\/\"}}]}<\/script>\n<!-- \/ Yoast SEO plugin. -->","yoast_head_json":{"title":"Anima - Valetec","robots":{"index":"index","follow":"follow","max-snippet":"max-snippet:-1","max-image-preview":"max-image-preview:large","max-video-preview":"max-video-preview:-1"},"canonical":"https:\/\/valetec.com.br\/site\/fundo-anima\/","og_locale":"pt_BR","og_type":"article","og_title":"Anima - Valetec","og_description":"DESCRI\u00c7\u00c3O O \u00c2nima Ventures \u00e9 o fundo de investimento da \u00c2nima Educa\u00e7\u00e3o que tem como objetivo impulsionar o crescimento e desenvolvimento de startups inovadoras no setor educacional. O Fundo foi lan\u00e7ado em maio de 2022 e ir\u00e1 destinar R$ 100 milh\u00f5es a neg\u00f3cio de inova\u00e7\u00e3o...","og_url":"https:\/\/valetec.com.br\/site\/fundo-anima\/","og_site_name":"Valetec","article_modified_time":"2024-09-11T20:51:36+00:00","og_image":[{"url":"https:\/\/valetec.com.br\/site\/wp-content\/uploads\/2023\/05\/2-2.png","type":"","width":"","height":""}],"twitter_card":"summary_large_image","twitter_misc":{"Est. tempo de leitura":"2 minutos"},"schema":{"@context":"https:\/\/schema.org","@graph":[{"@type":"WebPage","@id":"https:\/\/valetec.com.br\/site\/fundo-anima\/","url":"https:\/\/valetec.com.br\/site\/fundo-anima\/","name":"Anima - Valetec","isPartOf":{"@id":"https:\/\/valetec.com.br\/site\/#website"},"primaryImageOfPage":{"@id":"https:\/\/valetec.com.br\/site\/fundo-anima\/#primaryimage"},"image":{"@id":"https:\/\/valetec.com.br\/site\/fundo-anima\/#primaryimage"},"thumbnailUrl":"https:\/\/valetec.com.br\/site\/wp-content\/uploads\/2023\/05\/2-2.png","datePublished":"2023-06-07T12:30:22+00:00","dateModified":"2024-09-11T20:51:36+00:00","breadcrumb":{"@id":"https:\/\/valetec.com.br\/site\/fundo-anima\/#breadcrumb"},"inLanguage":"pt-BR","potentialAction":[{"@type":"ReadAction","target":["https:\/\/valetec.com.br\/site\/fundo-anima\/"]}]},{"@type":"ImageObject","inLanguage":"pt-BR","@id":"https:\/\/valetec.com.br\/site\/fundo-anima\/#primaryimage","url":"https:\/\/valetec.com.br\/site\/wp-content\/uploads\/2023\/05\/2-2.png","contentUrl":"https:\/\/valetec.com.br\/site\/wp-content\/uploads\/2023\/05\/2-2.png","width":250,"height":100},{"@type":"BreadcrumbList","@id":"https:\/\/valetec.com.br\/site\/fundo-anima\/#breadcrumb","itemListElement":[{"@type":"ListItem","position":1,"name":"In\u00edcio","item":"https:\/\/valetec.com.br\/site\/"},{"@type":"ListItem","position":2,"name":"Anima"}]},{"@type":"WebSite","@id":"https:\/\/valetec.com.br\/site\/#website","url":"https:\/\/valetec.com.br\/site\/","name":"Valetec","description":"Investimentos sob medida para sua estrat\u00e9gia","publisher":{"@id":"https:\/\/valetec.com.br\/site\/#organization"},"potentialAction":[{"@type":"SearchAction","target":{"@type":"EntryPoint","urlTemplate":"https:\/\/valetec.com.br\/site\/?s={search_term_string}"},"query-input":{"@type":"PropertyValueSpecification","valueRequired":true,"valueName":"search_term_string"}}],"inLanguage":"pt-BR"},{"@type":"Organization","@id":"https:\/\/valetec.com.br\/site\/#organization","name":"Valetec","url":"https:\/\/valetec.com.br\/site\/","logo":{"@type":"ImageObject","inLanguage":"pt-BR","@id":"https:\/\/valetec.com.br\/site\/#\/schema\/logo\/image\/","url":"https:\/\/valetec.com.br\/site\/wp-content\/uploads\/2023\/04\/logovaltec.png","contentUrl":"https:\/\/valetec.com.br\/site\/wp-content\/uploads\/2023\/04\/logovaltec.png","width":843,"height":240,"caption":"Valetec"},"image":{"@id":"https:\/\/valetec.com.br\/site\/#\/schema\/logo\/image\/"}}]}},"_links":{"self":[{"href":"https:\/\/valetec.com.br\/site\/wp-json\/wp\/v2\/pages\/1299","targetHints":{"allow":["GET"]}}],"collection":[{"href":"https:\/\/valetec.com.br\/site\/wp-json\/wp\/v2\/pages"}],"about":[{"href":"https:\/\/valetec.com.br\/site\/wp-json\/wp\/v2\/types\/page"}],"author":[{"embeddable":true,"href":"https:\/\/valetec.com.br\/site\/wp-json\/wp\/v2\/users\/1"}],"replies":[{"embeddable":true,"href":"https:\/\/valetec.com.br\/site\/wp-json\/wp\/v2\/comments?post=1299"}],"version-history":[{"count":33,"href":"https:\/\/valetec.com.br\/site\/wp-json\/wp\/v2\/pages\/1299\/revisions"}],"predecessor-version":[{"id":3293,"href":"https:\/\/valetec.com.br\/site\/wp-json\/wp\/v2\/pages\/1299\/revisions\/3293"}],"wp:attachment":[{"href":"https:\/\/valetec.com.br\/site\/wp-json\/wp\/v2\/media?parent=1299"}],"curies":[{"name":"wp","href":"https:\/\/api.w.org\/{rel}","templated":true}]}}